{"id":52612,"date":"2020-01-20T08:06:25","date_gmt":"2020-01-20T07:06:25","guid":{"rendered":"https:\/\/alliance.lu\/estrich-und-fliesen\/"},"modified":"2026-01-22T15:15:49","modified_gmt":"2026-01-22T14:15:49","slug":"estrich-und-fliesen","status":"publish","type":"page","link":"https:\/\/alliance.lu\/de\/estrich-und-fliesen\/","title":{"rendered":"Estrich und Fliesen"},"content":{"rendered":"<p>[et_pb_section fb_built=&#8220;1&#8243; custom_padding_last_edited=&#8220;on|phone&#8220; _builder_version=&#8220;4.4.8&#8243; background_color=&#8220;rgba(0,0,0,0.66)&#8220; background_image=&#8220;https:\/\/alliance.lu\/wp-content\/uploads\/2020\/01\/shutterstock_1302744115.jpg&#8220; background_blend=&#8220;overlay&#8220; custom_padding=&#8220;60px||60px||true|false&#8220; custom_padding_tablet=&#8220;&#8220; custom_padding_phone=&#8220;30px||30px||true|false&#8220;][et_pb_row _builder_version=&#8220;4.0.9&#8243;][et_pb_column type=&#8220;4_4&#8243; _builder_version=&#8220;4.0.9&#8243;][et_pb_text _builder_version=&#8220;4.4.8&#8243; text_font=&#8220;Poppins||||||||&#8220; text_text_color=&#8220;#696969&#8243; text_font_size=&#8220;16px&#8220; text_line_height=&#8220;2em&#8220; header_2_font=&#8220;Poppins|700||on|||||&#8220; header_2_text_align=&#8220;center&#8220; header_2_text_color=&#8220;#f3e521&#8243; header_2_font_size=&#8220;64px&#8220; header_2_line_height=&#8220;1.2em&#8220; header_4_font=&#8220;Poppins|300||on|||||&#8220; header_4_text_color=&#8220;#696969&#8243; header_4_font_size=&#8220;16px&#8220; header_4_line_height=&#8220;1.2em&#8220; custom_margin=&#8220;||0px||false|false&#8220; hover_enabled=&#8220;0&#8243; text_font_size_tablet=&#8220;14px&#8220; text_font_size_phone=&#8220;&#8220; text_font_size_last_edited=&#8220;on|tablet&#8220; header_2_font_size_tablet=&#8220;48px&#8220; header_2_font_size_phone=&#8220;32px&#8220; header_2_font_size_last_edited=&#8220;on|phone&#8220; header_4_font_size_tablet=&#8220;14px&#8220; header_4_font_size_phone=&#8220;&#8220; header_4_font_size_last_edited=&#8220;on|tablet&#8220; header_font=&#8220;Poppins|700||on|||||&#8220; header_text_align=&#8220;center&#8220; header_text_color=&#8220;#f3e521&#8243; header_font_size=&#8220;64px&#8220; header_font_size_tablet=&#8220;48px&#8220; header_font_size_phone=&#8220;32px&#8220; header_font_size_last_edited=&#8220;on|phone&#8220; header_line_height=&#8220;1.2em&#8220;]<\/p>\n<h1>Estrich &amp; Fliesen<\/h1>\n<p>[\/et_pb_text][\/et_pb_column][\/et_pb_row][\/et_pb_section][et_pb_section fb_built=&#8220;1&#8243; custom_padding_last_edited=&#8220;on|phone&#8220; _builder_version=&#8220;4.4.8&#8243; background_color=&#8220;#f5f5f5&#8243; custom_padding_tablet=&#8220;&#8220; custom_padding_phone=&#8220;0px||||false|false&#8220;][et_pb_row _builder_version=&#8220;4.4.8&#8243; width_tablet=&#8220;&#8220; width_phone=&#8220;95%&#8220; width_last_edited=&#8220;on|phone&#8220; custom_padding=&#8220;0px||0px||false|false&#8220;][et_pb_column type=&#8220;4_4&#8243; _builder_version=&#8220;4.4.8&#8243; custom_padding=&#8220;40px|45px|40px||true|false&#8220; custom_padding_tablet=&#8220;|45px||45px|true|true&#8220; custom_padding_phone=&#8220;|0px||0px|false|true&#8220; custom_padding_last_edited=&#8220;on|desktop&#8220;][et_pb_text _builder_version=&#8220;4.4.8&#8243; header_text_color=&#8220;#ffffff&#8220; header_3_font=&#8220;Poppins|700||on|||||&#8220; header_3_text_align=&#8220;left&#8220; header_3_text_color=&#8220;#005791&#8243; header_3_font_size=&#8220;34px&#8220; header_3_line_height=&#8220;1.2em&#8220; custom_margin=&#8220;||0px||false|false&#8220; hover_enabled=&#8220;0&#8243; header_3_font_size_tablet=&#8220;28px&#8220; header_3_font_size_phone=&#8220;22px&#8220; header_3_font_size_last_edited=&#8220;on|phone&#8220; locked=&#8220;off&#8220; header_2_font=&#8220;Poppins|700||on|||||&#8220; header_2_text_align=&#8220;left&#8220; header_2_text_color=&#8220;#005791&#8243; header_2_font_size=&#8220;34px&#8220; header_2_font_size_tablet=&#8220;28px&#8220; header_2_font_size_phone=&#8220;22px&#8220; header_2_font_size_last_edited=&#8220;on|phone&#8220; header_2_line_height=&#8220;1.2em&#8220;]<\/p>\n<h2>Ein kompletter Service, um Ihren Boden perfekt zu gestalten!<\/h2>\n<p>[\/et_pb_text][et_pb_divider color=&#8220;#f3e521&#8243; divider_position=&#8220;bottom&#8220; divider_weight=&#8220;5px&#8220; _builder_version=&#8220;4.2&#8243; width=&#8220;60px&#8220; max_width=&#8220;60px&#8220; module_alignment=&#8220;left&#8220; locked=&#8220;off&#8220;][\/et_pb_divider][\/et_pb_column][\/et_pb_row][et_pb_row column_structure=&#8220;1_2,1_2&#8243; padding_top_bottom_link_1=&#8220;true&#8220; admin_label=&#8220;Projekt 01&#8243; _builder_version=&#8220;4.4.8&#8243; background_size=&#8220;initial&#8220; background_position=&#8220;top_left&#8220; background_repeat=&#8220;repeat&#8220; width_tablet=&#8220;&#8220; width_phone=&#8220;95%&#8220; width_last_edited=&#8220;on|phone&#8220; custom_padding=&#8220;|||&#8220;][et_pb_column type=&#8220;1_2&#8243; _builder_version=&#8220;3.25&#8243; custom_padding=&#8220;7%||7%|&#8220; custom_padding__hover=&#8220;|||&#8220;][et_pb_cta title=&#8220;Traditionelle Estriche&#8220; button_url=&#8220;#&#8220; _builder_version=&#8220;4.4.8&#8243; header_font=&#8220;Poppins|600|||||||&#8220; header_text_color=&#8220;rgba(0,0,0,0.6)&#8220; header_font_size=&#8220;30px&#8220; header_line_height=&#8220;1.5em&#8220; body_font=&#8220;Roboto|300|||||||&#8220; body_text_color=&#8220;#000000&#8243; body_font_size=&#8220;15px&#8220; body_line_height=&#8220;1.8em&#8220; use_background_color=&#8220;off&#8220; background_size=&#8220;initial&#8220; background_position=&#8220;top_left&#8220; background_repeat=&#8220;repeat&#8220; custom_button=&#8220;on&#8220; button_text_size=&#8220;14px&#8220; button_text_color=&#8220;#ffffff&#8220; button_bg_color=&#8220;#383838&#8243; button_border_width=&#8220;12px&#8220; button_border_color=&#8220;#383838&#8243; button_border_radius=&#8220;0px&#8220; button_letter_spacing=&#8220;1px&#8220; button_font=&#8220;Poppins|||on|||||&#8220; button_use_icon=&#8220;off&#8220; text_orientation=&#8220;left&#8220; background_layout=&#8220;light&#8220; animation_direction=&#8220;right&#8220; hover_enabled=&#8220;0&#8243; header_font_size_tablet=&#8220;&#8220; header_font_size_phone=&#8220;20px&#8220; header_font_size_last_edited=&#8220;on|phone&#8220; button_text_color_hover=&#8220;#ffffff&#8220; button_border_color_hover=&#8220;#3FA2F7 &#8220; button_bg_color_hover=&#8220;#3FA2F7 &#8220; button_text_size__hover_enabled=&#8220;off&#8220; button_one_text_size__hover_enabled=&#8220;off&#8220; button_two_text_size__hover_enabled=&#8220;off&#8220; button_text_color__hover_enabled=&#8220;on&#8220; button_text_color__hover=&#8220;#000000&#8243; button_one_text_color__hover_enabled=&#8220;off&#8220; button_two_text_color__hover_enabled=&#8220;off&#8220; button_border_width__hover_enabled=&#8220;off&#8220; button_one_border_width__hover_enabled=&#8220;off&#8220; button_two_border_width__hover_enabled=&#8220;off&#8220; button_border_color__hover_enabled=&#8220;on&#8220; button_border_color__hover=&#8220;#bfbfbf&#8220; button_one_border_color__hover_enabled=&#8220;off&#8220; button_two_border_color__hover_enabled=&#8220;off&#8220; button_border_radius__hover_enabled=&#8220;off&#8220; button_one_border_radius__hover_enabled=&#8220;off&#8220; button_two_border_radius__hover_enabled=&#8220;off&#8220; button_letter_spacing__hover_enabled=&#8220;on&#8220; button_one_letter_spacing__hover_enabled=&#8220;off&#8220; button_two_letter_spacing__hover_enabled=&#8220;off&#8220; button_bg_color__hover_enabled=&#8220;on&#8220; button_bg_color__hover=&#8220;#bfbfbf&#8220; button_one_bg_color__hover_enabled=&#8220;off&#8220; button_two_bg_color__hover_enabled=&#8220;off&#8220; button_letter_spacing__hover=&#8220;2px&#8220; header_level=&#8220;h3&#8243;][\/et_pb_cta][et_pb_divider color=&#8220;#005791&#8243; divider_weight=&#8220;4px&#8220; _builder_version=&#8220;4.2&#8243; width=&#8220;60px&#8220; max_width=&#8220;60px&#8220; module_alignment=&#8220;left&#8220; custom_margin=&#8220;||15px||false|false&#8220; locked=&#8220;off&#8220;][\/et_pb_divider][et_pb_cta button_url=&#8220;#&#8220; _builder_version=&#8220;4.2.1&#8243; header_font=&#8220;Poppins|600|||||||&#8220; header_text_color=&#8220;rgba(0,0,0,0.6)&#8220; header_font_size=&#8220;30px&#8220; header_line_height=&#8220;1.5em&#8220; body_font=&#8220;Open Sans|300|||||||&#8220; body_text_color=&#8220;#696969&#8243; body_font_size=&#8220;18px&#8220; body_line_height=&#8220;2em&#8220; use_background_color=&#8220;off&#8220; background_size=&#8220;initial&#8220; background_position=&#8220;top_left&#8220; background_repeat=&#8220;repeat&#8220; custom_button=&#8220;on&#8220; button_text_size=&#8220;14px&#8220; button_text_color=&#8220;#ffffff&#8220; button_bg_color=&#8220;#383838&#8243; button_border_width=&#8220;12px&#8220; button_border_color=&#8220;#383838&#8243; button_border_radius=&#8220;0px&#8220; button_letter_spacing=&#8220;1px&#8220; button_font=&#8220;Poppins|||on|||||&#8220; button_use_icon=&#8220;off&#8220; text_orientation=&#8220;left&#8220; animation_direction=&#8220;right&#8220; header_font_size_tablet=&#8220;&#8220; header_font_size_phone=&#8220;20px&#8220; header_font_size_last_edited=&#8220;on|phone&#8220; body_font_size_tablet=&#8220;14px&#8220; body_font_size_phone=&#8220;&#8220; body_font_size_last_edited=&#8220;on|tablet&#8220; button_text_color_hover=&#8220;#ffffff&#8220; button_border_color_hover=&#8220;#3FA2F7 &#8220; button_bg_color_hover=&#8220;#3FA2F7 &#8220; button_text_size__hover_enabled=&#8220;off&#8220; button_one_text_size__hover_enabled=&#8220;off&#8220; button_two_text_size__hover_enabled=&#8220;off&#8220; button_text_color__hover_enabled=&#8220;on&#8220; button_text_color__hover=&#8220;#000000&#8243; button_one_text_color__hover_enabled=&#8220;off&#8220; button_two_text_color__hover_enabled=&#8220;off&#8220; button_border_width__hover_enabled=&#8220;off&#8220; button_one_border_width__hover_enabled=&#8220;off&#8220; button_two_border_width__hover_enabled=&#8220;off&#8220; button_border_color__hover_enabled=&#8220;on&#8220; button_border_color__hover=&#8220;#bfbfbf&#8220; button_one_border_color__hover_enabled=&#8220;off&#8220; button_two_border_color__hover_enabled=&#8220;off&#8220; button_border_radius__hover_enabled=&#8220;off&#8220; button_one_border_radius__hover_enabled=&#8220;off&#8220; button_two_border_radius__hover_enabled=&#8220;off&#8220; button_letter_spacing__hover_enabled=&#8220;on&#8220; button_one_letter_spacing__hover_enabled=&#8220;off&#8220; button_two_letter_spacing__hover_enabled=&#8220;off&#8220; button_bg_color__hover_enabled=&#8220;on&#8220; button_bg_color__hover=&#8220;#bfbfbf&#8220; button_one_bg_color__hover_enabled=&#8220;off&#8220; button_two_bg_color__hover_enabled=&#8220;off&#8220; button_letter_spacing__hover=&#8220;2px&#8220;]<\/p>\n<p>Ein traditioneller Estrich wird als Untergrund f\u00fcr Bodenbel\u00e4ge wie Parkett oder Fliesen eingebracht. Dieser vorbereitende Arbeitsschritt sorgt f\u00fcr eine perfekt ebene Bodenfl\u00e4che. Der traditionelle Estrich besteht aus einer Mischung aus Wasser, Sand und Zement, wirkt schalld\u00e4mmend und speichert W\u00e4rme \u2013 so wird die D\u00e4mmleistung Ihres Bodens deutlich verbessert.  <\/p>\n<p>[\/et_pb_cta][\/et_pb_column][et_pb_column type=&#8220;1_2&#8243; _builder_version=&#8220;3.25&#8243; custom_padding=&#8220;|||&#8220; custom_padding__hover=&#8220;|||&#8220;][et_pb_image src=&#8220;https:\/\/alliance.lu\/wp-content\/uploads\/2020\/01\/shutterstock_615315101.jpg&#8220; align_tablet=&#8220;center&#8220; align_phone=&#8220;&#8220; align_last_edited=&#8220;on|desktop&#8220; _builder_version=&#8220;4.2.1&#8243; animation_direction=&#8220;right&#8220;][\/et_pb_image][\/et_pb_column][\/et_pb_row][et_pb_row column_structure=&#8220;1_2,1_2&#8243; padding_top_bottom_link_2=&#8220;true&#8220; admin_label=&#8220;Projekt 02&#8243; _builder_version=&#8220;4.4.8&#8243; background_size=&#8220;initial&#8220; background_position=&#8220;top_left&#8220; background_repeat=&#8220;repeat&#8220; width_tablet=&#8220;&#8220; width_phone=&#8220;95%&#8220; width_last_edited=&#8220;on|phone&#8220; custom_margin=&#8220;30px|||&#8220; custom_padding=&#8220;|||&#8220;][et_pb_column type=&#8220;1_2&#8243; _builder_version=&#8220;3.25&#8243; custom_padding=&#8220;|||&#8220; custom_padding__hover=&#8220;|||&#8220;][et_pb_image src=&#8220;https:\/\/alliance.lu\/wp-content\/uploads\/2020\/01\/pose-de-carrelages-alliance-des-artisans-luxembourg.jpg&#8220; align_tablet=&#8220;center&#8220; align_phone=&#8220;&#8220; align_last_edited=&#8220;on|desktop&#8220; _builder_version=&#8220;4.2.1&#8243; animation_direction=&#8220;right&#8220;][\/et_pb_image][\/et_pb_column][et_pb_column type=&#8220;1_2&#8243; _builder_version=&#8220;3.25&#8243; custom_padding=&#8220;7%||7%|&#8220; custom_padding__hover=&#8220;|||&#8220;][et_pb_cta title=&#8220;Verlegen von Fliesen&#8220; button_url=&#8220;#&#8220; _builder_version=&#8220;4.4.8&#8243; header_font=&#8220;Poppins|600|||||||&#8220; header_text_color=&#8220;rgba(0,0,0,0.6)&#8220; header_font_size=&#8220;30px&#8220; header_line_height=&#8220;1.5em&#8220; body_font=&#8220;Roboto|300|||||||&#8220; body_text_color=&#8220;#000000&#8243; body_font_size=&#8220;15px&#8220; body_line_height=&#8220;1.8em&#8220; use_background_color=&#8220;off&#8220; background_size=&#8220;initial&#8220; background_position=&#8220;top_left&#8220; background_repeat=&#8220;repeat&#8220; custom_button=&#8220;on&#8220; button_text_size=&#8220;14px&#8220; button_text_color=&#8220;#ffffff&#8220; button_bg_color=&#8220;#383838&#8243; button_border_width=&#8220;12px&#8220; button_border_color=&#8220;#383838&#8243; button_border_radius=&#8220;0px&#8220; button_letter_spacing=&#8220;1px&#8220; button_font=&#8220;Poppins|||on|||||&#8220; button_use_icon=&#8220;off&#8220; text_orientation=&#8220;left&#8220; background_layout=&#8220;light&#8220; animation_direction=&#8220;right&#8220; hover_enabled=&#8220;0&#8243; header_font_size_tablet=&#8220;&#8220; header_font_size_phone=&#8220;20px&#8220; header_font_size_last_edited=&#8220;on|phone&#8220; button_text_color_hover=&#8220;#ffffff&#8220; button_border_color_hover=&#8220;#3FA2F7 &#8220; button_bg_color_hover=&#8220;#3FA2F7 &#8220; button_text_size__hover_enabled=&#8220;off&#8220; button_one_text_size__hover_enabled=&#8220;off&#8220; button_two_text_size__hover_enabled=&#8220;off&#8220; button_text_color__hover_enabled=&#8220;on&#8220; button_text_color__hover=&#8220;#000000&#8243; button_one_text_color__hover_enabled=&#8220;off&#8220; button_two_text_color__hover_enabled=&#8220;off&#8220; button_border_width__hover_enabled=&#8220;off&#8220; button_one_border_width__hover_enabled=&#8220;off&#8220; button_two_border_width__hover_enabled=&#8220;off&#8220; button_border_color__hover_enabled=&#8220;on&#8220; button_border_color__hover=&#8220;#bfbfbf&#8220; button_one_border_color__hover_enabled=&#8220;off&#8220; button_two_border_color__hover_enabled=&#8220;off&#8220; button_border_radius__hover_enabled=&#8220;off&#8220; button_one_border_radius__hover_enabled=&#8220;off&#8220; button_two_border_radius__hover_enabled=&#8220;off&#8220; button_letter_spacing__hover_enabled=&#8220;on&#8220; button_one_letter_spacing__hover_enabled=&#8220;off&#8220; button_two_letter_spacing__hover_enabled=&#8220;off&#8220; button_bg_color__hover_enabled=&#8220;on&#8220; button_bg_color__hover=&#8220;#bfbfbf&#8220; button_one_bg_color__hover_enabled=&#8220;off&#8220; button_two_bg_color__hover_enabled=&#8220;off&#8220; button_letter_spacing__hover=&#8220;2px&#8220; header_level=&#8220;h3&#8243;][\/et_pb_cta][et_pb_divider color=&#8220;#005791&#8243; divider_weight=&#8220;4px&#8220; _builder_version=&#8220;4.2&#8243; width=&#8220;60px&#8220; max_width=&#8220;60px&#8220; module_alignment=&#8220;left&#8220; custom_margin=&#8220;||15px||false|false&#8220; locked=&#8220;off&#8220;][\/et_pb_divider][et_pb_cta button_url=&#8220;#&#8220; _builder_version=&#8220;4.2&#8243; header_font=&#8220;Poppins|600|||||||&#8220; header_text_color=&#8220;rgba(0,0,0,0.6)&#8220; header_font_size=&#8220;30px&#8220; header_line_height=&#8220;1.5em&#8220; body_font=&#8220;Open Sans|300|||||||&#8220; body_text_color=&#8220;#696969&#8243; body_font_size=&#8220;18px&#8220; body_line_height=&#8220;2em&#8220; use_background_color=&#8220;off&#8220; background_size=&#8220;initial&#8220; background_position=&#8220;top_left&#8220; background_repeat=&#8220;repeat&#8220; custom_button=&#8220;on&#8220; button_text_size=&#8220;14px&#8220; button_text_color=&#8220;#ffffff&#8220; button_bg_color=&#8220;#383838&#8243; button_border_width=&#8220;12px&#8220; button_border_color=&#8220;#383838&#8243; button_border_radius=&#8220;0px&#8220; button_letter_spacing=&#8220;1px&#8220; button_font=&#8220;Poppins|||on|||||&#8220; button_use_icon=&#8220;off&#8220; text_orientation=&#8220;left&#8220; animation_direction=&#8220;right&#8220; header_font_size_tablet=&#8220;&#8220; header_font_size_phone=&#8220;20px&#8220; header_font_size_last_edited=&#8220;on|phone&#8220; body_font_size_tablet=&#8220;14px&#8220; body_font_size_phone=&#8220;&#8220; body_font_size_last_edited=&#8220;on|tablet&#8220; button_text_color_hover=&#8220;#ffffff&#8220; button_border_color_hover=&#8220;#3FA2F7 &#8220; button_bg_color_hover=&#8220;#3FA2F7 &#8220; button_text_size__hover_enabled=&#8220;off&#8220; button_one_text_size__hover_enabled=&#8220;off&#8220; button_two_text_size__hover_enabled=&#8220;off&#8220; button_text_color__hover_enabled=&#8220;on&#8220; button_text_color__hover=&#8220;#000000&#8243; button_one_text_color__hover_enabled=&#8220;off&#8220; button_two_text_color__hover_enabled=&#8220;off&#8220; button_border_width__hover_enabled=&#8220;off&#8220; button_one_border_width__hover_enabled=&#8220;off&#8220; button_two_border_width__hover_enabled=&#8220;off&#8220; button_border_color__hover_enabled=&#8220;on&#8220; button_border_color__hover=&#8220;#bfbfbf&#8220; button_one_border_color__hover_enabled=&#8220;off&#8220; button_two_border_color__hover_enabled=&#8220;off&#8220; button_border_radius__hover_enabled=&#8220;off&#8220; button_one_border_radius__hover_enabled=&#8220;off&#8220; button_two_border_radius__hover_enabled=&#8220;off&#8220; button_letter_spacing__hover_enabled=&#8220;on&#8220; button_one_letter_spacing__hover_enabled=&#8220;off&#8220; button_two_letter_spacing__hover_enabled=&#8220;off&#8220; button_bg_color__hover_enabled=&#8220;on&#8220; button_bg_color__hover=&#8220;#bfbfbf&#8220; button_one_bg_color__hover_enabled=&#8220;off&#8220; button_two_bg_color__hover_enabled=&#8220;off&#8220; button_letter_spacing__hover=&#8220;2px&#8220;]<\/p>\n<p>Bodenbel\u00e4ge aus Fliesen haben mehrere Vorteile, der erste ist \u00e4sthetischer Art, da es eine gro\u00dfe Auswahl an Farben und dekorativen Mustern gibt, der zweite Vorteil sind die vielen mechanischen Eigenschaften: Robustheit, Haltbarkeit und Isolierung. W\u00e4hlen Sie aus einer Vielzahl von Fliesen aus Naturstein, gebrannter Erde oder Ton, Sandstein und vielem mehr. <\/p>\n<p>[\/et_pb_cta][\/et_pb_column][\/et_pb_row][\/et_pb_section][et_pb_section fb_built=&#8220;1&#8243; _builder_version=&#8220;4.2.1&#8243; background_color=&#8220;rgba(0,0,0,0.36)&#8220; background_color_gradient_direction=&#8220;68deg&#8220; background_image=&#8220;https:\/\/alliance.lu\/wp-content\/uploads\/2020\/01\/prot\u00e9gez-votre-sol-gr\u00e2ce-\u00e0-nos-services-professionnels-de-pose-de-chapes-et-de-carrelages-alliance-des-artisans-luxembourg.jpg&#8220; background_blend=&#8220;overlay&#8220;][et_pb_row _builder_version=&#8220;4.0.9&#8243; custom_padding=&#8220;0px||0px||false|false&#8220;][et_pb_column type=&#8220;4_4&#8243; _builder_version=&#8220;4.0.9&#8243; custom_padding=&#8220;50px||40px||false|false&#8220; custom_padding_tablet=&#8220;||0px||false|false&#8220; custom_padding_phone=&#8220;&#8220; custom_padding_last_edited=&#8220;on|desktop&#8220;][et_pb_text _builder_version=&#8220;4.4.8&#8243; text_font=&#8220;Poppins||||||||&#8220; text_text_color=&#8220;#696969&#8243; text_font_size=&#8220;16px&#8220; text_line_height=&#8220;2em&#8220; header_2_font=&#8220;Poppins|600|||||||&#8220; header_2_text_align=&#8220;center&#8220; header_2_text_color=&#8220;#ffffff&#8220; header_2_font_size=&#8220;36px&#8220; header_2_line_height=&#8220;1.3em&#8220; header_4_font=&#8220;Poppins|300||on|||||&#8220; header_4_text_color=&#8220;#696969&#8243; header_4_font_size=&#8220;16px&#8220; header_4_line_height=&#8220;1.2em&#8220; custom_margin=&#8220;||0px||false|false&#8220; hover_enabled=&#8220;0&#8243; text_font_size_tablet=&#8220;14px&#8220; text_font_size_phone=&#8220;&#8220; text_font_size_last_edited=&#8220;on|tablet&#8220; header_2_font_size_tablet=&#8220;32px&#8220; header_2_font_size_phone=&#8220;20px&#8220; header_2_font_size_last_edited=&#8220;on|phone&#8220; header_2_line_height_tablet=&#8220;&#8220; header_2_line_height_phone=&#8220;1.2em&#8220; header_2_line_height_last_edited=&#8220;on|phone&#8220; header_4_font_size_tablet=&#8220;14px&#8220; header_4_font_size_phone=&#8220;&#8220; header_4_font_size_last_edited=&#8220;on|tablet&#8220; locked=&#8220;off&#8220;]<\/p>\n<h2>Sch\u00fctzen Sie Ihren Boden mit unseren professionellen <span style=\"color: #f3e521;\">Estrich- und Fliesenverlegungsdiensten!<\/span><\/h2>\n<p>[\/et_pb_text][et_pb_button button_url=&#8220;https:\/\/alliance.lu\/de\/?page_id=52639&#8243; button_text=&#8220;KOSTENLOSES ANGEBOT&#8220; button_alignment=&#8220;center&#8220; _builder_version=&#8220;4.2.1&#8243; custom_button=&#8220;on&#8220; button_text_size=&#8220;18px&#8220; button_text_color=&#8220;#ffffff&#8220; button_bg_color=&#8220;#005791&#8243; button_border_width=&#8220;3px&#8220; button_border_color=&#8220;rgba(0,0,0,0)&#8220; button_border_radius=&#8220;3px&#8220; button_letter_spacing=&#8220;2px&#8220; button_font=&#8220;Poppins|600||on|||||&#8220; button_use_icon=&#8220;off&#8220; custom_margin=&#8220;50px||||false|false&#8220; custom_margin_tablet=&#8220;&#8220; custom_margin_phone=&#8220;20px||||false|false&#8220; custom_margin_last_edited=&#8220;on|phone&#8220; custom_padding=&#8220;1.2%||1.2%||true|false&#8220; button_text_size_tablet=&#8220;18px&#8220; button_text_size_phone=&#8220;16px&#8220; button_text_size_last_edited=&#8220;on|desktop&#8220; button_text_size__hover_enabled=&#8220;on|hover&#8220; button_text_color__hover=&#8220;#005791&#8243; button_text_color__hover_enabled=&#8220;on|hover&#8220; button_bg_color__hover=&#8220;#ffffff&#8220; button_bg_color__hover_enabled=&#8220;on|desktop&#8220; button_border_color__hover=&#8220;rgba(0,0,0,0)&#8220; button_border_color__hover_enabled=&#8220;on|desktop&#8220; button_letter_spacing__hover=&#8220;2px&#8220; button_letter_spacing__hover_enabled=&#8220;on|desktop&#8220; button_bg_enable_color__hover=&#8220;on&#8220;][\/et_pb_button][\/et_pb_column][\/et_pb_row][\/et_pb_section]<\/p>\n","protected":false},"excerpt":{"rendered":"<p>Estrich &amp; Fliesen Ein kompletter Service, um Ihren Boden perfekt zu gestalten! Ein traditioneller Estrich wird als Untergrund f\u00fcr Bodenbel\u00e4ge wie Parkett oder Fliesen eingebracht. Dieser vorbereitende Arbeitsschritt sorgt f\u00fcr eine perfekt ebene Bodenfl\u00e4che. Der traditionelle Estrich besteht aus einer Mischung aus Wasser, Sand und Zement, wirkt schalld\u00e4mmend und speichert W\u00e4rme \u2013 so wird die [&hellip;]<\/p>\n","protected":false},"author":2,"featured_media":0,"parent":0,"menu_order":0,"comment_status":"closed","ping_status":"closed","template":"","meta":{"_acf_changed":false,"_et_pb_use_builder":"on","_et_pb_old_content":"","_et_gb_content_width":"","_monsterinsights_skip_tracking":false,"_monsterinsights_sitenote_active":false,"_monsterinsights_sitenote_note":"","_monsterinsights_sitenote_category":0,"footnotes":""},"class_list":["post-52612","page","type-page","status-publish","hentry"],"acf":[],"_links":{"self":[{"href":"https:\/\/alliance.lu\/de\/wp-json\/wp\/v2\/pages\/52612","targetHints":{"allow":["GET"]}}],"collection":[{"href":"https:\/\/alliance.lu\/de\/wp-json\/wp\/v2\/pages"}],"about":[{"href":"https:\/\/alliance.lu\/de\/wp-json\/wp\/v2\/types\/page"}],"author":[{"embeddable":true,"href":"https:\/\/alliance.lu\/de\/wp-json\/wp\/v2\/users\/2"}],"replies":[{"embeddable":true,"href":"https:\/\/alliance.lu\/de\/wp-json\/wp\/v2\/comments?post=52612"}],"version-history":[{"count":3,"href":"https:\/\/alliance.lu\/de\/wp-json\/wp\/v2\/pages\/52612\/revisions"}],"predecessor-version":[{"id":53108,"href":"https:\/\/alliance.lu\/de\/wp-json\/wp\/v2\/pages\/52612\/revisions\/53108"}],"wp:attachment":[{"href":"https:\/\/alliance.lu\/de\/wp-json\/wp\/v2\/media?parent=52612"}],"curies":[{"name":"wp","href":"https:\/\/api.w.org\/{rel}","templated":true}]}}