{"id":52771,"date":"2020-06-29T11:23:57","date_gmt":"2020-06-29T10:23:57","guid":{"rendered":"https:\/\/alliance.lu\/cookie-richtlinie\/"},"modified":"2024-11-15T11:23:13","modified_gmt":"2024-11-15T10:23:13","slug":"cookie-richtlinie","status":"publish","type":"page","link":"https:\/\/alliance.lu\/de\/cookie-richtlinie\/","title":{"rendered":"Cookie-Richtlinie"},"content":{"rendered":"<p>[et_pb_section fb_built=&#8220;1&#8243; custom_padding_last_edited=&#8220;on|phone&#8220; _builder_version=&#8220;4.4.8&#8243; background_color=&#8220;rgba(0,0,0,0.66)&#8220; background_image=&#8220;https:\/\/alliance.lu\/wp-content\/uploads\/2020\/01\/alliance-des-artisans-luxembourg.jpg&#8220; background_blend=&#8220;overlay&#8220; custom_padding=&#8220;60px||60px||true|false&#8220; custom_padding_tablet=&#8220;&#8220; custom_padding_phone=&#8220;30px||30px||true|false&#8220;][et_pb_row _builder_version=&#8220;4.4.8&#8243; width_tablet=&#8220;&#8220; width_phone=&#8220;95%&#8220; width_last_edited=&#8220;on|phone&#8220;][et_pb_column type=&#8220;4_4&#8243; _builder_version=&#8220;4.0.9&#8243;][et_pb_text _builder_version=&#8220;4.4.8&#8243; text_font=&#8220;Poppins||||||||&#8220; text_text_color=&#8220;#696969&#8243; text_font_size=&#8220;16px&#8220; text_line_height=&#8220;2em&#8220; header_font=&#8220;Poppins|700||on|||||&#8220; header_text_align=&#8220;center&#8220; header_text_color=&#8220;#f3e521&#8243; header_font_size=&#8220;64px&#8220; header_line_height=&#8220;1.2em&#8220; header_2_font=&#8220;Poppins|700||on|||||&#8220; header_2_text_align=&#8220;center&#8220; header_2_text_color=&#8220;#f3e521&#8243; header_2_font_size=&#8220;64px&#8220; header_2_line_height=&#8220;1.2em&#8220; header_3_font_size=&#8220;32px&#8220; header_4_font=&#8220;Poppins|300||on|||||&#8220; header_4_text_color=&#8220;#696969&#8243; header_4_font_size=&#8220;16px&#8220; header_4_line_height=&#8220;1.2em&#8220; custom_margin=&#8220;||0px||false|false&#8220; text_font_size_tablet=&#8220;14px&#8220; text_font_size_phone=&#8220;&#8220; text_font_size_last_edited=&#8220;on|tablet&#8220; header_font_size_tablet=&#8220;48px&#8220; header_font_size_phone=&#8220;32px&#8220; header_font_size_last_edited=&#8220;on|phone&#8220; header_2_font_size_tablet=&#8220;48px&#8220; header_2_font_size_phone=&#8220;32px&#8220; header_2_font_size_last_edited=&#8220;on|phone&#8220; header_3_font_size_tablet=&#8220;28px&#8220; header_3_font_size_phone=&#8220;20px&#8220; header_3_font_size_last_edited=&#8220;on|phone&#8220; header_4_font_size_tablet=&#8220;14px&#8220; header_4_font_size_phone=&#8220;&#8220; header_4_font_size_last_edited=&#8220;on|tablet&#8220;]<\/p>\n<h1>Cookie-Richtlinie<\/h1>\n<p>[\/et_pb_text][\/et_pb_column][\/et_pb_row][\/et_pb_section][et_pb_section fb_built=&#8220;1&#8243; _builder_version=&#8220;4.0.9&#8243; custom_padding=&#8220;0px||0px|||&#8220;][et_pb_row custom_padding_last_edited=&#8220;on|phone&#8220; _builder_version=&#8220;4.4.8&#8243; width_tablet=&#8220;&#8220; width_phone=&#8220;95%&#8220; width_last_edited=&#8220;on|phone&#8220; custom_padding=&#8220;50px||50px||true|false&#8220; custom_padding_tablet=&#8220;&#8220; custom_padding_phone=&#8220;0px||0px||false|false&#8220;][et_pb_column type=&#8220;4_4&#8243; _builder_version=&#8220;4.4.8&#8243; custom_padding=&#8220;40px|45px|40px||true|false&#8220; custom_padding_tablet=&#8220;|45px||45px|true|true&#8220; custom_padding_phone=&#8220;|0px||0px|false|true&#8220; custom_padding_last_edited=&#8220;on|desktop&#8220;][et_pb_text _builder_version=&#8220;4.4.8&#8243; header_text_color=&#8220;#ffffff&#8220; header_2_font=&#8220;Poppins|700||on|||||&#8220; header_2_text_align=&#8220;left&#8220; header_2_text_color=&#8220;#005791&#8243; header_2_font_size=&#8220;42px&#8220; header_2_line_height=&#8220;1.2em&#8220; header_3_font=&#8220;Poppins|700||on|||||&#8220; header_3_text_align=&#8220;left&#8220; header_3_text_color=&#8220;#005791&#8243; header_3_font_size=&#8220;32px&#8220; header_3_line_height=&#8220;1.2em&#8220; custom_margin=&#8220;||0px||false|false&#8220; header_2_font_size_tablet=&#8220;28px&#8220; header_2_font_size_phone=&#8220;22px&#8220; header_2_font_size_last_edited=&#8220;on|phone&#8220; header_3_font_size_tablet=&#8220;28px&#8220; header_3_font_size_phone=&#8220;20px&#8220; header_3_font_size_last_edited=&#8220;on|phone&#8220; locked=&#8220;off&#8220;]<\/p>\n<h2>Erfahren Sie mehr \u00fcber unsere Cookies<\/h2>\n<p>[\/et_pb_text][et_pb_divider color=&#8220;#f3e521&#8243; divider_position=&#8220;bottom&#8220; divider_weight=&#8220;5px&#8220; _builder_version=&#8220;4.2&#8243; width=&#8220;60px&#8220; max_width=&#8220;60px&#8220; module_alignment=&#8220;left&#8220; locked=&#8220;off&#8220;][\/et_pb_divider][et_pb_text _builder_version=&#8220;4.4.8&#8243; text_font=&#8220;Open Sans|300|||||||&#8220; text_text_color=&#8220;#696969&#8243; text_font_size=&#8220;18px&#8220; text_line_height=&#8220;2em&#8220; header_2_font=&#8220;Poppins|700||on|||||&#8220; header_2_text_color=&#8220;#005791&#8243; header_2_font_size=&#8220;42px&#8220; header_2_line_height=&#8220;1.2em&#8220; header_3_font_size=&#8220;32px&#8220; header_4_font=&#8220;Open Sans|600||on|||||&#8220; header_4_text_align=&#8220;left&#8220; header_4_text_color=&#8220;#0a0a0a&#8220; header_4_line_height=&#8220;1.2em&#8220; module_alignment=&#8220;center&#8220; custom_margin=&#8220;||||false|false&#8220; custom_padding=&#8220;||0px|||&#8220; text_font_size_tablet=&#8220;14px&#8220; text_font_size_phone=&#8220;&#8220; text_font_size_last_edited=&#8220;on|tablet&#8220; header_2_font_size_tablet=&#8220;38px&#8220; header_2_font_size_phone=&#8220;28px&#8220; header_2_font_size_last_edited=&#8220;on|desktop&#8220; header_3_font_size_tablet=&#8220;28px&#8220; header_3_font_size_phone=&#8220;20px&#8220; header_3_font_size_last_edited=&#8220;on|phone&#8220; header_4_font_size_tablet=&#8220;14px&#8220; header_4_font_size_phone=&#8220;&#8220; header_4_font_size_last_edited=&#8220;on|tablet&#8220; locked=&#8220;off&#8220; inline_fonts=&#8220;ABeeZee&#8220;]<\/p>\n<h3><span style=\"font-weight: 400;\">\u00dcber diese Cookie-Richtlinie<\/span><\/h3>\n<p><span style=\"font-weight: 400;\">In dieser Cookie-Richtlinie wird erl\u00e4utert, was Cookies sind und wie wir sie verwenden. Sie m\u00fcssen diese Richtlinie lesen, um zu verstehen, was Cookies sind, wie wir sie verwenden, welche Arten von Cookies wir verwenden, d.h. welche Informationen wir mit Hilfe von Cookies sammeln und wie diese Informationen verwendet werden, und wie Sie die Cookie-Einstellungen kontrollieren k\u00f6nnen. Weitere Informationen dar\u00fcber, wie wir Ihre pers\u00f6nlichen Daten verwenden, speichern und sch\u00fctzen, finden Sie in unserer Datenschutzrichtlinie.  <\/span><\/p>\n<p><span style=\"font-weight: 400;\">Sie k\u00f6nnen Ihre Zustimmung zu der Cookie-Erkl\u00e4rung auf unserer Website jederzeit \u00e4ndern oder zur\u00fcckziehen.<\/span><\/p>\n<p><span style=\"font-weight: 400;\">Um mehr dar\u00fcber zu erfahren, wer wir sind, wie Sie uns kontaktieren k\u00f6nnen und wie wir mit pers\u00f6nlichen Daten umgehen, lesen Sie bitte unsere Datenschutzerkl\u00e4rung.<\/span><\/p>\n<p><span style=\"font-weight: 400;\">Ihre Zustimmung gilt f\u00fcr die folgenden Bereiche : <\/span><a href=\"https:\/\/alliance.lu\/de\/\"><span style=\"font-weight: 400;\">https:\/\/alliance.lu\/<\/span><\/a><\/p>\n<p>&nbsp;<\/p>\n<h3><span style=\"font-weight: 400;\">Was sind Cookies?<\/span><\/h3>\n<p><span style=\"font-weight: 400;\">Cookies sind kleine Textdateien, die dazu dienen, kleine Informationen zu speichern. Cookies werden auf Ihrem Ger\u00e4t gespeichert, wenn die Website in Ihrem Browser geladen wird. Diese Cookies helfen uns, die Website korrekt zu betreiben, sie sicherer zu machen, dem Nutzer eine bessere Erfahrung zu bieten, zu verstehen, wie die Website funktioniert, und zu analysieren, was funktioniert und was verbessert werden muss.  <\/span><\/p>\n<p>&nbsp;<\/p>\n<h3><span style=\"font-weight: 400;\">Wie verwenden wir Cookies?<\/span><\/h3>\n<p><span style=\"font-weight: 400;\">Wie die meisten Online-Dienste verwendet unsere Website aus einer Reihe von Gr\u00fcnden Cookies von Erstanbietern und Cookies von Drittanbietern. Erstanbieter-Cookies sind in erster Linie f\u00fcr das Funktionieren der Website erforderlich und sammeln keine personenbezogenen Daten von Ihnen. <\/span><\/p>\n<p><span style=\"font-weight: 400;\">Die auf unseren Webseiten verwendeten Cookies von Dritten dienen in erster Linie dazu, zu verstehen, wie die Webseite funktioniert, wie Sie mit unserer Webseite interagieren, die Sicherheit unserer Dienste zu gew\u00e4hrleisten, Werbung zu liefern, die f\u00fcr Sie relevant ist, und insgesamt dazu, Ihnen eine bessere und verbesserte Benutzererfahrung zu bieten und Ihre zuk\u00fcnftigen Interaktionen mit unserer Webseite zu beschleunigen.<\/span><\/p>\n<p>&nbsp;<\/p>\n<h3><span style=\"font-weight: 400;\">Welche Arten von Cookies verwenden wir?<\/span><\/h3>\n<p><span style=\"font-weight: 400;\">Wesentlich: Einige Cookies sind wesentlich, damit Sie alle Funktionen unserer Website nutzen k\u00f6nnen. Sie erm\u00f6glichen uns die Aufrechterhaltung von Benutzersitzungen und die Vermeidung von Sicherheitsrisiken. Sie sammeln oder speichern keine pers\u00f6nlichen Informationen. Diese Cookies erm\u00f6glichen es Ihnen beispielsweise, sich in Ihr Konto einzuloggen, Produkte in Ihren Warenkorb zu legen und sicher zur Kasse zu gehen.   <\/span><\/p>\n<p><span style=\"font-weight: 400;\">Statistik: Diese Cookies speichern Informationen wie die Anzahl der Besucher der Website, die Anzahl der eindeutigen Besucher, die Seiten der Website, die besucht wurden, die Quelle des Besuchs, etc. Diese Daten helfen uns, die Leistung der Website zu verstehen und zu analysieren, sowie die Punkte, die verbessert werden m\u00fcssen. <\/span><\/p>\n<p><span style=\"font-weight: 400;\">Marketing: Unsere Website zeigt Werbung an. Diese Cookies werden verwendet, um die Werbung, die wir Ihnen zeigen, so anzupassen, dass sie f\u00fcr Sie Sinn macht. Diese Cookies helfen uns auch, die Effektivit\u00e4t dieser Werbekampagnen zu verfolgen.  <\/span><\/p>\n<p><span style=\"font-weight: 400;\">Die in diesen Cookies gespeicherten Informationen k\u00f6nnen auch von Drittanbietern von Werbung verwendet werden, um Ihnen Werbung auf anderen Webseiten auf dem Browser auch zu zeigen.<\/span><\/p>\n<p><span style=\"font-weight: 400;\">Funktional: Dies sind Cookies, die den Zugang zu einigen nicht wesentlichen Funktionen unserer Website erm\u00f6glichen. Zu diesen Funktionen geh\u00f6ren die Einbindung von Inhalten wie Videos oder das Teilen von Inhalten auf der Website auf Plattformen der sozialen Medien. <\/span><\/p>\n<p><span style=\"font-weight: 400;\">Pr\u00e4ferenzen: Diese Cookies helfen uns, Ihre Einstellungen und Navigationspr\u00e4ferenzen, wie z.B. die Sprache, zu speichern, damit Sie bei Ihren n\u00e4chsten Besuchen auf der Website eine effektivere Erfahrung machen k\u00f6nnen.<\/span><\/p>\n<p>&nbsp;<\/p>\n<h3><span style=\"font-weight: 400;\">Wie kann ich die Cookie-Einstellungen kontrollieren?<\/span><\/h3>\n<p><span style=\"font-weight: 400;\">Wenn Sie sich entscheiden, Ihre Pr\u00e4ferenzen sp\u00e4ter w\u00e4hrend Ihrer Browsersitzung zu \u00e4ndern, k\u00f6nnen Sie auf die Registerkarte &#8222;Datenschutz- und Cookie-Richtlinie&#8220; auf Ihrem Bildschirm klicken. Der Hinweis zur Zustimmung wird erneut angezeigt, so dass Sie Ihre Pr\u00e4ferenzen \u00e4ndern oder Ihre Zustimmung vollst\u00e4ndig zur\u00fcckziehen k\u00f6nnen. <\/span><\/p>\n<p><span style=\"font-weight: 400;\">Dar\u00fcber hinaus bieten die verschiedenen Browser unterschiedliche Methoden an, um die von den Websites verwendeten Cookies zu blockieren und zu l\u00f6schen. Sie k\u00f6nnen die Einstellungen Ihres Browsers \u00e4ndern, um Cookies zu blockieren\/l\u00f6schen. Weitere Informationen dar\u00fcber, wie Sie Cookies verwalten und l\u00f6schen k\u00f6nnen, finden Sie auf wikipedia.org, <a href=\"https:\/\/www.allaboutcookies.org\" target=\"_blank\" rel=\"noopener\">www.allaboutcookies.org<\/a>.  <\/span><\/p>\n<p>[\/et_pb_text][\/et_pb_column][\/et_pb_row][\/et_pb_section]<\/p>\n","protected":false},"excerpt":{"rendered":"<p>Cookie-RichtlinieErfahren Sie mehr \u00fcber unsere Cookies\u00dcber diese Cookie-Richtlinie In dieser Cookie-Richtlinie wird erl\u00e4utert, was Cookies sind und wie wir sie verwenden. Sie m\u00fcssen diese Richtlinie lesen, um zu verstehen, was Cookies sind, wie wir sie verwenden, welche Arten von Cookies wir verwenden, d.h. welche Informationen wir mit Hilfe von Cookies sammeln und wie diese Informationen [&hellip;]<\/p>\n","protected":false},"author":2,"featured_media":0,"parent":0,"menu_order":0,"comment_status":"closed","ping_status":"closed","template":"","meta":{"_acf_changed":false,"_et_pb_use_builder":"on","_et_pb_old_content":"","_et_gb_content_width":"","_monsterinsights_skip_tracking":false,"_monsterinsights_sitenote_active":false,"_monsterinsights_sitenote_note":"","_monsterinsights_sitenote_category":0,"footnotes":""},"class_list":["post-52771","page","type-page","status-publish","hentry"],"acf":[],"_links":{"self":[{"href":"https:\/\/alliance.lu\/de\/wp-json\/wp\/v2\/pages\/52771","targetHints":{"allow":["GET"]}}],"collection":[{"href":"https:\/\/alliance.lu\/de\/wp-json\/wp\/v2\/pages"}],"about":[{"href":"https:\/\/alliance.lu\/de\/wp-json\/wp\/v2\/types\/page"}],"author":[{"embeddable":true,"href":"https:\/\/alliance.lu\/de\/wp-json\/wp\/v2\/users\/2"}],"replies":[{"embeddable":true,"href":"https:\/\/alliance.lu\/de\/wp-json\/wp\/v2\/comments?post=52771"}],"version-history":[{"count":0,"href":"https:\/\/alliance.lu\/de\/wp-json\/wp\/v2\/pages\/52771\/revisions"}],"wp:attachment":[{"href":"https:\/\/alliance.lu\/de\/wp-json\/wp\/v2\/media?parent=52771"}],"curies":[{"name":"wp","href":"https:\/\/api.w.org\/{rel}","templated":true}]}}