{"id":52793,"date":"2020-01-20T08:07:31","date_gmt":"2020-01-20T07:07:31","guid":{"rendered":"https:\/\/alliance.lu\/gerueste\/"},"modified":"2026-01-22T16:37:54","modified_gmt":"2026-01-22T15:37:54","slug":"gerueste","status":"publish","type":"page","link":"https:\/\/alliance.lu\/de\/gerueste\/","title":{"rendered":"Bauger\u00fcste"},"content":{"rendered":"<p>[et_pb_section fb_built=&#8220;1&#8243; custom_padding_last_edited=&#8220;on|phone&#8220; _builder_version=&#8220;4.4.8&#8243; background_color=&#8220;rgba(0,0,0,0.66)&#8220; background_image=&#8220;https:\/\/alliance.lu\/wp-content\/uploads\/2020\/01\/\u00e9chafaudages-alliance-des-artisans-luxembourg.jpg&#8220; background_blend=&#8220;overlay&#8220; custom_padding=&#8220;60px||60px||true|false&#8220; custom_padding_tablet=&#8220;&#8220; custom_padding_phone=&#8220;30px||30px||true|false&#8220;][et_pb_row _builder_version=&#8220;4.0.9&#8243;][et_pb_column type=&#8220;4_4&#8243; _builder_version=&#8220;4.0.9&#8243;][et_pb_text _builder_version=&#8220;4.4.8&#8243; text_font=&#8220;Poppins||||||||&#8220; text_text_color=&#8220;#696969&#8243; text_font_size=&#8220;16px&#8220; text_line_height=&#8220;2em&#8220; header_font=&#8220;Poppins|700||on|||||&#8220; header_text_align=&#8220;center&#8220; header_text_color=&#8220;#f3e521&#8243; header_font_size=&#8220;64px&#8220; header_line_height=&#8220;1.2em&#8220; header_2_font=&#8220;Poppins|700||on|||||&#8220; header_2_text_align=&#8220;center&#8220; header_2_text_color=&#8220;#f3e521&#8243; header_2_font_size=&#8220;64px&#8220; header_2_line_height=&#8220;1.2em&#8220; header_4_font=&#8220;Poppins|300||on|||||&#8220; header_4_text_color=&#8220;#696969&#8243; header_4_font_size=&#8220;16px&#8220; header_4_line_height=&#8220;1.2em&#8220; custom_margin=&#8220;||0px||false|false&#8220; text_font_size_tablet=&#8220;14px&#8220; text_font_size_phone=&#8220;&#8220; text_font_size_last_edited=&#8220;on|tablet&#8220; header_font_size_tablet=&#8220;48px&#8220; header_font_size_phone=&#8220;32px&#8220; header_font_size_last_edited=&#8220;on|phone&#8220; header_2_font_size_tablet=&#8220;48px&#8220; header_2_font_size_phone=&#8220;32px&#8220; header_2_font_size_last_edited=&#8220;on|phone&#8220; header_4_font_size_tablet=&#8220;14px&#8220; header_4_font_size_phone=&#8220;&#8220; header_4_font_size_last_edited=&#8220;on|tablet&#8220;]<\/p>\n<h1>Bauger\u00fcste<\/h1>\n<p>[\/et_pb_text][\/et_pb_column][\/et_pb_row][\/et_pb_section][et_pb_section fb_built=&#8220;1&#8243; custom_padding_last_edited=&#8220;on|phone&#8220; _builder_version=&#8220;4.4.8&#8243; background_color=&#8220;#f5f5f5&#8243; custom_padding_tablet=&#8220;&#8220; custom_padding_phone=&#8220;0px||||false|false&#8220;][et_pb_row _builder_version=&#8220;4.4.8&#8243; width_tablet=&#8220;&#8220; width_phone=&#8220;95%&#8220; width_last_edited=&#8220;on|phone&#8220; custom_padding=&#8220;0px||0px||false|false&#8220;][et_pb_column type=&#8220;4_4&#8243; _builder_version=&#8220;4.4.8&#8243; custom_padding=&#8220;40px|45px|40px||true|false&#8220; custom_padding_tablet=&#8220;|45px||45px|true|true&#8220; custom_padding_phone=&#8220;|0px||0px|false|true&#8220; custom_padding_last_edited=&#8220;on|desktop&#8220;][et_pb_text _builder_version=&#8220;4.4.8&#8243; header_text_color=&#8220;#ffffff&#8220; header_2_font=&#8220;Poppins|700||on|||||&#8220; header_2_text_align=&#8220;left&#8220; header_2_text_color=&#8220;#005791&#8243; header_2_font_size=&#8220;34px&#8220; header_2_line_height=&#8220;1.2em&#8220; header_3_font=&#8220;Poppins|700||on|||||&#8220; header_3_text_align=&#8220;left&#8220; header_3_text_color=&#8220;#005791&#8243; header_3_font_size=&#8220;34px&#8220; header_3_line_height=&#8220;1.2em&#8220; custom_margin=&#8220;||0px||false|false&#8220; header_2_font_size_tablet=&#8220;28px&#8220; header_2_font_size_phone=&#8220;22px&#8220; header_2_font_size_last_edited=&#8220;on|phone&#8220; header_3_font_size_tablet=&#8220;28px&#8220; header_3_font_size_phone=&#8220;22px&#8220; header_3_font_size_last_edited=&#8220;on|phone&#8220; locked=&#8220;off&#8220;]<\/p>\n<h2>Ma\u00dfgeschneiderter Ger\u00fcstbau f\u00fcr alle Anforderungen<\/h2>\n<p>[\/et_pb_text][et_pb_divider color=&#8220;#f3e521&#8243; divider_position=&#8220;bottom&#8220; divider_weight=&#8220;5px&#8220; _builder_version=&#8220;4.2&#8243; width=&#8220;60px&#8220; max_width=&#8220;60px&#8220; module_alignment=&#8220;left&#8220; locked=&#8220;off&#8220;][\/et_pb_divider][\/et_pb_column][\/et_pb_row][et_pb_row column_structure=&#8220;1_3,1_3,1_3&#8243; _builder_version=&#8220;4.4.8&#8243; width_tablet=&#8220;&#8220; width_phone=&#8220;95%&#8220; width_last_edited=&#8220;on|phone&#8220;][et_pb_column type=&#8220;1_3&#8243; _builder_version=&#8220;3.25&#8243; custom_padding=&#8220;|||&#8220; custom_padding__hover=&#8220;|||&#8220;][et_pb_blurb title=&#8220;Fassadenger\u00fcst&#8220; image=&#8220;https:\/\/alliance.lu\/wp-content\/uploads\/2020\/05\/\u00e9chafaudage-pour-fa\u00e7ade-alliance-des-artisans-luxembourg.jpg&#8220; _builder_version=&#8220;4.4.8&#8243; header_level=&#8220;h3&#8243; header_font=&#8220;Poppins|600|||||||&#8220; header_text_align=&#8220;left&#8220; header_text_color=&#8220;#7a7a7a&#8220; header_font_size=&#8220;32px&#8220; header_line_height=&#8220;1.2em&#8220; body_font=&#8220;Arial||||||||&#8220; body_text_align=&#8220;left&#8220; body_font_size=&#8220;18px&#8220; body_line_height=&#8220;1.8em&#8220; animation=&#8220;off&#8220; header_font_size_tablet=&#8220;28px&#8220; header_font_size_phone=&#8220;20px&#8220; header_font_size_last_edited=&#8220;on|phone&#8220; body_font_size_tablet=&#8220;19px&#8220; body_font_size_phone=&#8220;&#8220; body_font_size_last_edited=&#8220;on|phone&#8220;][\/et_pb_blurb][et_pb_divider color=&#8220;#005791&#8243; divider_weight=&#8220;4px&#8220; _builder_version=&#8220;4.2&#8243; width=&#8220;60px&#8220; max_width=&#8220;60px&#8220; module_alignment=&#8220;left&#8220; custom_margin=&#8220;||15px||false|false&#8220; locked=&#8220;off&#8220;][\/et_pb_divider][et_pb_text _builder_version=&#8220;4.2.1&#8243; text_font=&#8220;Open Sans|300|||||||&#8220; text_text_color=&#8220;#696969&#8243; text_font_size=&#8220;18px&#8220; text_line_height=&#8220;2em&#8220; header_2_font=&#8220;Poppins|700||on|||||&#8220; header_2_text_color=&#8220;#005791&#8243; header_2_font_size=&#8220;42px&#8220; header_2_line_height=&#8220;1.2em&#8220; header_4_font=&#8220;Poppins|300||on|||||&#8220; header_4_text_color=&#8220;#696969&#8243; header_4_font_size=&#8220;16px&#8220; header_4_line_height=&#8220;1.2em&#8220; text_orientation=&#8220;justified&#8220; custom_margin=&#8220;||||false|false&#8220; text_font_size_tablet=&#8220;14px&#8220; text_font_size_phone=&#8220;&#8220; text_font_size_last_edited=&#8220;on|tablet&#8220; header_2_font_size_tablet=&#8220;38px&#8220; header_2_font_size_phone=&#8220;28px&#8220; header_2_font_size_last_edited=&#8220;on|desktop&#8220; header_4_font_size_tablet=&#8220;14px&#8220; header_4_font_size_phone=&#8220;&#8220; header_4_font_size_last_edited=&#8220;on|tablet&#8220; locked=&#8220;off&#8220;]<\/p>\n<p>er\u00fcste sind unverzichtbare Arbeitsmittel f\u00fcr s\u00e4mtliche Fassadenarbeiten \u2013 sei es f\u00fcr Verkleidungen, Fassadensanierungen, Reparaturen, Sandstrahlarbeiten, Hydrophobierungen oder andere Ma\u00dfnahmen. Die Alliance des Artisans verf\u00fcgt \u00fcber verschiedene Ger\u00fcstsysteme, die immer dann eingesetzt werden, wenn Arbeiten in einer H\u00f6he \u00fcber der Reichweite des Menschen durchgef\u00fchrt werden m\u00fcssen. <\/p>\n<p>[\/et_pb_text][\/et_pb_column][et_pb_column type=&#8220;1_3&#8243; _builder_version=&#8220;3.25&#8243; custom_padding=&#8220;|||&#8220; custom_padding__hover=&#8220;|||&#8220;][\/et_pb_column][et_pb_column type=&#8220;1_3&#8243; _builder_version=&#8220;3.25&#8243; custom_padding=&#8220;|||&#8220; custom_padding__hover=&#8220;|||&#8220;][et_pb_blurb title=&#8220;Ger\u00fcst f\u00fcr Dacharbeiten&#8220; image=&#8220;https:\/\/alliance.lu\/wp-content\/uploads\/2020\/05\/\u00e9chafaudage-pour-toiture-alliance-des-artisans-luxembourg.jpg&#8220; _builder_version=&#8220;4.4.8&#8243; header_level=&#8220;h3&#8243; header_font=&#8220;Poppins|600|||||||&#8220; header_text_align=&#8220;left&#8220; header_text_color=&#8220;#7a7a7a&#8220; header_font_size=&#8220;32px&#8220; header_line_height=&#8220;1.2em&#8220; body_font=&#8220;Arial||||||||&#8220; body_text_align=&#8220;left&#8220; body_font_size=&#8220;18px&#8220; body_line_height=&#8220;1.8em&#8220; animation=&#8220;off&#8220; header_font_size_tablet=&#8220;28px&#8220; header_font_size_phone=&#8220;20px&#8220; header_font_size_last_edited=&#8220;on|phone&#8220; body_font_size_tablet=&#8220;19px&#8220; body_font_size_phone=&#8220;&#8220; body_font_size_last_edited=&#8220;on|phone&#8220;][\/et_pb_blurb][et_pb_divider color=&#8220;#005791&#8243; divider_weight=&#8220;4px&#8220; _builder_version=&#8220;4.2&#8243; width=&#8220;60px&#8220; max_width=&#8220;60px&#8220; module_alignment=&#8220;left&#8220; custom_margin=&#8220;||15px||false|false&#8220; locked=&#8220;off&#8220;][\/et_pb_divider][et_pb_text _builder_version=&#8220;4.2&#8243; text_font=&#8220;Open Sans|300|||||||&#8220; text_text_color=&#8220;#696969&#8243; text_font_size=&#8220;18px&#8220; text_line_height=&#8220;2em&#8220; header_2_font=&#8220;Poppins|700||on|||||&#8220; header_2_text_color=&#8220;#005791&#8243; header_2_font_size=&#8220;42px&#8220; header_2_line_height=&#8220;1.2em&#8220; header_4_font=&#8220;Poppins|300||on|||||&#8220; header_4_text_color=&#8220;#696969&#8243; header_4_font_size=&#8220;16px&#8220; header_4_line_height=&#8220;1.2em&#8220; text_orientation=&#8220;justified&#8220; custom_margin=&#8220;||||false|false&#8220; text_font_size_tablet=&#8220;14px&#8220; text_font_size_phone=&#8220;&#8220; text_font_size_last_edited=&#8220;on|tablet&#8220; header_2_font_size_tablet=&#8220;38px&#8220; header_2_font_size_phone=&#8220;28px&#8220; header_2_font_size_last_edited=&#8220;on|desktop&#8220; header_4_font_size_tablet=&#8220;14px&#8220; header_4_font_size_phone=&#8220;&#8220; header_4_font_size_last_edited=&#8220;on|tablet&#8220; locked=&#8220;off&#8220;]<\/p>\n<p>Im Bereich der Dachger\u00fcste bieten wir unterschiedliche Ausf\u00fchrungen und Gr\u00f6\u00dfen an, wie Standger\u00fcste, Rollger\u00fcste und Ger\u00fcstt\u00fcrme. Sie gew\u00e4hrleisten sicheres Arbeiten in gro\u00dfer H\u00f6he, insbesondere bei Dach-, Holzbau- und Eindeckungsarbeiten, und dienen zugleich der Absturzsicherung und Materialablage.<\/p>\n<p>[\/et_pb_text][\/et_pb_column][\/et_pb_row][\/et_pb_section][et_pb_section fb_built=&#8220;1&#8243; _builder_version=&#8220;4.2.1&#8243; background_color=&#8220;rgba(0,0,0,0.36)&#8220; background_color_gradient_direction=&#8220;68deg&#8220; background_image=&#8220;https:\/\/alliance.lu\/wp-content\/uploads\/2020\/01\/contactez-nos-sp\u00e9cialistes-en-\u00e9chafaudage-et-d\u00e9couvrez-la-vari\u00e9t\u00e9-d\u2019offres-que-nous-vous-proposons-selon-vos-besoins-alliance-des-artisans-luxembourg.jpg&#8220; background_blend=&#8220;overlay&#8220; locked=&#8220;off&#8220;][et_pb_row _builder_version=&#8220;4.0.9&#8243; custom_padding=&#8220;0px||0px||false|false&#8220;][et_pb_column type=&#8220;4_4&#8243; _builder_version=&#8220;4.0.9&#8243; custom_padding=&#8220;50px||40px||false|false&#8220; custom_padding_tablet=&#8220;||0px||false|false&#8220; custom_padding_phone=&#8220;&#8220; custom_padding_last_edited=&#8220;on|desktop&#8220;][et_pb_text _builder_version=&#8220;4.4.8&#8243; text_font=&#8220;Poppins||||||||&#8220; text_text_color=&#8220;#696969&#8243; text_font_size=&#8220;16px&#8220; text_line_height=&#8220;2em&#8220; header_2_font=&#8220;Poppins|600|||||||&#8220; header_2_text_align=&#8220;center&#8220; header_2_text_color=&#8220;#ffffff&#8220; header_2_font_size=&#8220;34px&#8220; header_2_line_height=&#8220;1.3em&#8220; header_4_font=&#8220;Poppins|300||on|||||&#8220; header_4_text_color=&#8220;#696969&#8243; header_4_font_size=&#8220;16px&#8220; header_4_line_height=&#8220;1.2em&#8220; custom_margin=&#8220;||0px||false|false&#8220; text_font_size_tablet=&#8220;14px&#8220; text_font_size_phone=&#8220;&#8220; text_font_size_last_edited=&#8220;on|tablet&#8220; header_2_font_size_tablet=&#8220;32px&#8220; header_2_font_size_phone=&#8220;20px&#8220; header_2_font_size_last_edited=&#8220;on|phone&#8220; header_2_line_height_tablet=&#8220;&#8220; header_2_line_height_phone=&#8220;1.2em&#8220; header_2_line_height_last_edited=&#8220;on|phone&#8220; header_4_font_size_tablet=&#8220;14px&#8220; header_4_font_size_phone=&#8220;&#8220; header_4_font_size_last_edited=&#8220;on|tablet&#8220; locked=&#8220;off&#8220;]<\/p>\n<h2>Kontaktieren Sie unsere Ger\u00fcstbau-Experten und finden Sie die passende L\u00f6sung f\u00fcr Ihre Anforderungen!<\/h2>\n<p>[\/et_pb_text][et_pb_button button_url=&#8220;https:\/\/alliance.lu\/de\/?page_id=52639&#8243; button_text=&#8220;KOSTENLOSES ANGEBOT&#8220; button_alignment=&#8220;center&#8220; _builder_version=&#8220;4.2.1&#8243; custom_button=&#8220;on&#8220; button_text_size=&#8220;18px&#8220; button_text_color=&#8220;#ffffff&#8220; button_bg_color=&#8220;#005791&#8243; button_border_width=&#8220;3px&#8220; button_border_color=&#8220;rgba(0,0,0,0)&#8220; button_border_radius=&#8220;3px&#8220; button_letter_spacing=&#8220;2px&#8220; button_font=&#8220;Poppins|600||on|||||&#8220; button_use_icon=&#8220;off&#8220; custom_margin=&#8220;50px||||false|false&#8220; custom_margin_tablet=&#8220;&#8220; custom_margin_phone=&#8220;20px||||false|false&#8220; custom_margin_last_edited=&#8220;on|phone&#8220; custom_padding=&#8220;1.2%||1.2%||true|false&#8220; button_text_size_tablet=&#8220;18px&#8220; button_text_size_phone=&#8220;16px&#8220; button_text_size_last_edited=&#8220;on|desktop&#8220; button_text_size__hover_enabled=&#8220;on|hover&#8220; button_text_color__hover=&#8220;#005791&#8243; button_text_color__hover_enabled=&#8220;on|hover&#8220; button_bg_color__hover=&#8220;#ffffff&#8220; button_bg_color__hover_enabled=&#8220;on|desktop&#8220; button_border_color__hover=&#8220;rgba(0,0,0,0)&#8220; button_border_color__hover_enabled=&#8220;on|desktop&#8220; button_letter_spacing__hover=&#8220;2px&#8220; button_letter_spacing__hover_enabled=&#8220;on|desktop&#8220; button_bg_enable_color__hover=&#8220;on&#8220;][\/et_pb_button][\/et_pb_column][\/et_pb_row][\/et_pb_section]<\/p>\n","protected":false},"excerpt":{"rendered":"<p>Bauger\u00fcsteMa\u00dfgeschneiderter Ger\u00fcstbau f\u00fcr alle Anforderungener\u00fcste sind unverzichtbare Arbeitsmittel f\u00fcr s\u00e4mtliche Fassadenarbeiten \u2013 sei es f\u00fcr Verkleidungen, Fassadensanierungen, Reparaturen, Sandstrahlarbeiten, Hydrophobierungen oder andere Ma\u00dfnahmen. Die Alliance des Artisans verf\u00fcgt \u00fcber verschiedene Ger\u00fcstsysteme, die immer dann eingesetzt werden, wenn Arbeiten in einer H\u00f6he \u00fcber der Reichweite des Menschen durchgef\u00fchrt werden m\u00fcssen. Im Bereich der Dachger\u00fcste bieten wir [&hellip;]<\/p>\n","protected":false},"author":2,"featured_media":0,"parent":0,"menu_order":0,"comment_status":"closed","ping_status":"closed","template":"","meta":{"_acf_changed":false,"_et_pb_use_builder":"on","_et_pb_old_content":"","_et_gb_content_width":"","_monsterinsights_skip_tracking":false,"_monsterinsights_sitenote_active":false,"_monsterinsights_sitenote_note":"","_monsterinsights_sitenote_category":0,"footnotes":""},"class_list":["post-52793","page","type-page","status-publish","hentry"],"acf":[],"_links":{"self":[{"href":"https:\/\/alliance.lu\/de\/wp-json\/wp\/v2\/pages\/52793","targetHints":{"allow":["GET"]}}],"collection":[{"href":"https:\/\/alliance.lu\/de\/wp-json\/wp\/v2\/pages"}],"about":[{"href":"https:\/\/alliance.lu\/de\/wp-json\/wp\/v2\/types\/page"}],"author":[{"embeddable":true,"href":"https:\/\/alliance.lu\/de\/wp-json\/wp\/v2\/users\/2"}],"replies":[{"embeddable":true,"href":"https:\/\/alliance.lu\/de\/wp-json\/wp\/v2\/comments?post=52793"}],"version-history":[{"count":3,"href":"https:\/\/alliance.lu\/de\/wp-json\/wp\/v2\/pages\/52793\/revisions"}],"predecessor-version":[{"id":53120,"href":"https:\/\/alliance.lu\/de\/wp-json\/wp\/v2\/pages\/52793\/revisions\/53120"}],"wp:attachment":[{"href":"https:\/\/alliance.lu\/de\/wp-json\/wp\/v2\/media?parent=52793"}],"curies":[{"name":"wp","href":"https:\/\/api.w.org\/{rel}","templated":true}]}}