{"id":52804,"date":"2020-01-20T08:04:53","date_gmt":"2020-01-20T07:04:53","guid":{"rendered":"https:\/\/alliance.lu\/dach\/"},"modified":"2026-01-22T19:07:04","modified_gmt":"2026-01-22T18:07:04","slug":"dach","status":"publish","type":"page","link":"https:\/\/alliance.lu\/de\/dach\/","title":{"rendered":"Dacharbeiten"},"content":{"rendered":"<p>[et_pb_section fb_built=&#8220;1&#8243; custom_padding_last_edited=&#8220;on|phone&#8220; _builder_version=&#8220;4.4.8&#8243; background_color=&#8220;rgba(0,0,0,0.66)&#8220; background_image=&#8220;https:\/\/alliance.lu\/wp-content\/uploads\/2020\/01\/toiture-alliance-des-artisans-luxembourg.jpg&#8220; background_blend=&#8220;overlay&#8220; custom_padding=&#8220;60px||60px||true|false&#8220; custom_padding_tablet=&#8220;&#8220; custom_padding_phone=&#8220;30px||30px||true|false&#8220;][et_pb_row _builder_version=&#8220;4.0.9&#8243;][et_pb_column type=&#8220;4_4&#8243; _builder_version=&#8220;4.0.9&#8243;][et_pb_text _builder_version=&#8220;4.4.8&#8243; text_font=&#8220;Poppins||||||||&#8220; text_text_color=&#8220;#696969&#8243; text_font_size=&#8220;16px&#8220; text_line_height=&#8220;2em&#8220; header_font=&#8220;Poppins|700||on|||||&#8220; header_text_align=&#8220;center&#8220; header_text_color=&#8220;#f3e521&#8243; header_font_size=&#8220;64px&#8220; header_line_height=&#8220;1.2em&#8220; header_2_font=&#8220;Poppins|700||on|||||&#8220; header_2_text_align=&#8220;center&#8220; header_2_text_color=&#8220;#f3e521&#8243; header_2_font_size=&#8220;64px&#8220; header_2_line_height=&#8220;1.2em&#8220; header_4_font=&#8220;Poppins|300||on|||||&#8220; header_4_text_color=&#8220;#696969&#8243; header_4_font_size=&#8220;16px&#8220; header_4_line_height=&#8220;1.2em&#8220; custom_margin=&#8220;||0px||false|false&#8220; text_font_size_tablet=&#8220;14px&#8220; text_font_size_phone=&#8220;&#8220; text_font_size_last_edited=&#8220;on|tablet&#8220; header_font_size_tablet=&#8220;48px&#8220; header_font_size_phone=&#8220;32px&#8220; header_font_size_last_edited=&#8220;on|phone&#8220; header_2_font_size_tablet=&#8220;48px&#8220; header_2_font_size_phone=&#8220;32px&#8220; header_2_font_size_last_edited=&#8220;on|phone&#8220; header_4_font_size_tablet=&#8220;14px&#8220; header_4_font_size_phone=&#8220;&#8220; header_4_font_size_last_edited=&#8220;on|tablet&#8220;]<\/p>\n<h1>Dacharbeiten<\/h1>\n<p>[\/et_pb_text][\/et_pb_column][\/et_pb_row][\/et_pb_section][et_pb_section fb_built=&#8220;1&#8243; custom_padding_last_edited=&#8220;on|phone&#8220; _builder_version=&#8220;4.4.8&#8243; background_color=&#8220;#f5f5f5&#8243; custom_padding_tablet=&#8220;&#8220; custom_padding_phone=&#8220;0px||||false|false&#8220;][et_pb_row _builder_version=&#8220;4.4.8&#8243; width_tablet=&#8220;&#8220; width_phone=&#8220;95%&#8220; width_last_edited=&#8220;on|phone&#8220; custom_padding=&#8220;0px||0px||false|false&#8220;][et_pb_column type=&#8220;4_4&#8243; _builder_version=&#8220;4.4.8&#8243; custom_padding=&#8220;40px|45px|40px||true|false&#8220; custom_padding_tablet=&#8220;|45px||45px|true|true&#8220; custom_padding_phone=&#8220;|0px||0px|false|true&#8220; custom_padding_last_edited=&#8220;on|desktop&#8220;][et_pb_text _builder_version=&#8220;4.4.8&#8243; header_text_color=&#8220;#ffffff&#8220; header_2_font=&#8220;Poppins|700||on|||||&#8220; header_2_text_align=&#8220;left&#8220; header_2_text_color=&#8220;#005791&#8243; header_2_font_size=&#8220;34px&#8220; header_2_line_height=&#8220;1.2em&#8220; header_3_font=&#8220;Poppins|700||on|||||&#8220; header_3_text_align=&#8220;left&#8220; header_3_text_color=&#8220;#005791&#8243; header_3_font_size=&#8220;34px&#8220; header_3_line_height=&#8220;1.2em&#8220; custom_margin=&#8220;||0px||false|false&#8220; header_2_font_size_tablet=&#8220;28px&#8220; header_2_font_size_phone=&#8220;22px&#8220; header_2_font_size_last_edited=&#8220;on|phone&#8220; header_3_font_size_tablet=&#8220;28px&#8220; header_3_font_size_phone=&#8220;22px&#8220; header_3_font_size_last_edited=&#8220;on|phone&#8220; locked=&#8220;off&#8220;]<\/p>\n<h2>Ausf\u00fchrung aller Arten von Dacharbeiten<\/h2>\n<p>[\/et_pb_text][et_pb_divider color=&#8220;#f3e521&#8243; divider_position=&#8220;bottom&#8220; divider_weight=&#8220;5px&#8220; _builder_version=&#8220;4.2&#8243; width=&#8220;60px&#8220; max_width=&#8220;60px&#8220; module_alignment=&#8220;left&#8220; locked=&#8220;off&#8220;][\/et_pb_divider][\/et_pb_column][\/et_pb_row][et_pb_row column_structure=&#8220;1_3,1_3,1_3&#8243; _builder_version=&#8220;4.0.9&#8243; width_tablet=&#8220;&#8220; width_phone=&#8220;95%&#8220; width_last_edited=&#8220;on|phone&#8220;][et_pb_column type=&#8220;1_3&#8243; _builder_version=&#8220;4.0.9&#8243;][et_pb_blurb title=&#8220;Zimmerei  &#8220; image=&#8220;https:\/\/alliance.lu\/wp-content\/uploads\/2020\/05\/Toiture-Alliance-des-artisans-14-e1594036878468.jpg&#8220; _builder_version=&#8220;4.4.8&#8243; header_level=&#8220;h3&#8243; header_font=&#8220;Poppins|600|||||||&#8220; header_text_align=&#8220;center&#8220; header_text_color=&#8220;#7a7a7a&#8220; header_font_size=&#8220;32px&#8220; body_font=&#8220;Arial||||||||&#8220; body_text_align=&#8220;left&#8220; body_font_size=&#8220;18px&#8220; body_line_height=&#8220;1.8em&#8220; animation=&#8220;off&#8220; hover_enabled=&#8220;0&#8243; header_font_size_tablet=&#8220;28px&#8220; header_font_size_phone=&#8220;20px&#8220; header_font_size_last_edited=&#8220;on|phone&#8220; body_font_size_tablet=&#8220;19px&#8220; body_font_size_phone=&#8220;&#8220; body_font_size_last_edited=&#8220;on|phone&#8220; title_text=&#8220;Toiture &#8211; Alliance des artisans &#8211; 14&#8243;][\/et_pb_blurb][et_pb_divider color=&#8220;#005791&#8243; divider_weight=&#8220;4px&#8220; _builder_version=&#8220;4.0.9&#8243; width=&#8220;60px&#8220; max_width=&#8220;60px&#8220; module_alignment=&#8220;center&#8220; custom_margin=&#8220;||15px||false|false&#8220; locked=&#8220;off&#8220;][\/et_pb_divider][et_pb_text _builder_version=&#8220;4.2.1&#8243; text_font=&#8220;Open Sans|300|||||||&#8220; text_text_color=&#8220;#696969&#8243; text_font_size=&#8220;18px&#8220; text_line_height=&#8220;2em&#8220; header_2_font=&#8220;Poppins|700||on|||||&#8220; header_2_text_color=&#8220;#005791&#8243; header_2_font_size=&#8220;42px&#8220; header_2_line_height=&#8220;1.2em&#8220; header_4_font=&#8220;Poppins|300||on|||||&#8220; header_4_text_color=&#8220;#696969&#8243; header_4_font_size=&#8220;16px&#8220; header_4_line_height=&#8220;1.2em&#8220; text_orientation=&#8220;justified&#8220; custom_margin=&#8220;||||false|false&#8220; text_font_size_tablet=&#8220;14px&#8220; text_font_size_phone=&#8220;&#8220; text_font_size_last_edited=&#8220;on|tablet&#8220; header_2_font_size_tablet=&#8220;38px&#8220; header_2_font_size_phone=&#8220;28px&#8220; header_2_font_size_last_edited=&#8220;on|desktop&#8220; header_4_font_size_tablet=&#8220;14px&#8220; header_4_font_size_phone=&#8220;&#8220; header_4_font_size_last_edited=&#8220;on|tablet&#8220; locked=&#8220;off&#8220;]<\/p>\n<p>Zimmererarbeiten erfordern ein sehr hohes Ma\u00df an Fachkompetenz. Bei der Alliance des Artisans bieten wir Ihnen einen individuellen Service f\u00fcr die Planung und Umsetzung Ihrer industriellen, traditionellen oder gebogenen Dachkonstruktion. Wir beraten Sie bei der Auswahl des am besten geeigneten Materials f\u00fcr Ihre Konstruktion \u2013 Massivholz, Brettschichtholz, Metall, Stahlbeton oder weitere Materialien.  <\/p>\n<p>[\/et_pb_text][\/et_pb_column][et_pb_column type=&#8220;1_3&#8243; _builder_version=&#8220;4.0.9&#8243;][et_pb_blurb title=&#8220;Dachdeckung &#8220; image=&#8220;https:\/\/alliance.lu\/wp-content\/uploads\/2020\/05\/couverture-alliance-des-artisans-luxembourg.jpg&#8220; _builder_version=&#8220;4.3.4&#8243; header_level=&#8220;h3&#8243; header_font=&#8220;Poppins|600|||||||&#8220; header_text_align=&#8220;center&#8220; header_text_color=&#8220;#7a7a7a&#8220; header_font_size=&#8220;32px&#8220; body_font=&#8220;Arial||||||||&#8220; body_text_align=&#8220;left&#8220; body_font_size=&#8220;18px&#8220; body_line_height=&#8220;1.8em&#8220; animation=&#8220;off&#8220; hover_enabled=&#8220;0&#8243; header_font_size_tablet=&#8220;28px&#8220; header_font_size_phone=&#8220;20px&#8220; header_font_size_last_edited=&#8220;on|phone&#8220; body_font_size_tablet=&#8220;19px&#8220; body_font_size_phone=&#8220;&#8220; body_font_size_last_edited=&#8220;on|phone&#8220;][\/et_pb_blurb][et_pb_divider color=&#8220;#005791&#8243; divider_weight=&#8220;4px&#8220; _builder_version=&#8220;4.0.9&#8243; width=&#8220;60px&#8220; max_width=&#8220;60px&#8220; module_alignment=&#8220;center&#8220; custom_margin=&#8220;||15px||false|false&#8220; locked=&#8220;off&#8220;][\/et_pb_divider][et_pb_text _builder_version=&#8220;4.2.1&#8243; text_font=&#8220;Open Sans|300|||||||&#8220; text_text_color=&#8220;#696969&#8243; text_font_size=&#8220;18px&#8220; text_line_height=&#8220;2em&#8220; header_2_font=&#8220;Poppins|700||on|||||&#8220; header_2_text_color=&#8220;#005791&#8243; header_2_font_size=&#8220;42px&#8220; header_2_line_height=&#8220;1.2em&#8220; header_4_font=&#8220;Poppins|300||on|||||&#8220; header_4_text_color=&#8220;#696969&#8243; header_4_font_size=&#8220;16px&#8220; header_4_line_height=&#8220;1.2em&#8220; text_orientation=&#8220;justified&#8220; custom_margin=&#8220;||||false|false&#8220; text_font_size_tablet=&#8220;14px&#8220; text_font_size_phone=&#8220;&#8220; text_font_size_last_edited=&#8220;on|tablet&#8220; header_2_font_size_tablet=&#8220;38px&#8220; header_2_font_size_phone=&#8220;28px&#8220; header_2_font_size_last_edited=&#8220;on|desktop&#8220; header_4_font_size_tablet=&#8220;14px&#8220; header_4_font_size_phone=&#8220;&#8220; header_4_font_size_last_edited=&#8220;on|tablet&#8220; locked=&#8220;off&#8220;]<\/p>\n<p>Hochqualifizierte und erfahrene Dachdecker stehen Ihnen zur Verf\u00fcgung, um Ihnen eine solide und langlebige Dacheindeckung zu garantieren. Wir realisieren Metalld\u00e4cher aus Zink, Kupfer, Trapezblech oder Blei, Holzd\u00e4cher aus Kiefer, Fichte, Eiche usw. sowie Eindeckungen aus Naturschiefer, Schindeln, Ziegeln und weiteren Materialien. Nach Abschluss der Arbeiten beraten wir Sie zu den besten Wartungs- und Pflegeverfahren, um den langfristigen Zustand Ihrer Dacheindeckung zu erhalten  <\/p>\n<p>[\/et_pb_text][\/et_pb_column][et_pb_column type=&#8220;1_3&#8243; _builder_version=&#8220;4.0.9&#8243;][et_pb_blurb title=&#8220;Spenglerei&#8220; image=&#8220;https:\/\/alliance.lu\/wp-content\/uploads\/2020\/05\/ferblanterie-alliance-des-artisans-luxembourg.jpg&#8220; _builder_version=&#8220;4.3.4&#8243; header_level=&#8220;h3&#8243; header_font=&#8220;Poppins|600|||||||&#8220; header_text_align=&#8220;center&#8220; header_text_color=&#8220;#7a7a7a&#8220; header_font_size=&#8220;32px&#8220; body_font=&#8220;Arial||||||||&#8220; body_text_align=&#8220;left&#8220; body_font_size=&#8220;18px&#8220; body_line_height=&#8220;1.8em&#8220; animation=&#8220;off&#8220; header_font_size_tablet=&#8220;28px&#8220; header_font_size_phone=&#8220;20px&#8220; header_font_size_last_edited=&#8220;on|phone&#8220; body_font_size_tablet=&#8220;19px&#8220; body_font_size_phone=&#8220;&#8220; body_font_size_last_edited=&#8220;on|phone&#8220;][\/et_pb_blurb][et_pb_divider color=&#8220;#005791&#8243; divider_weight=&#8220;4px&#8220; _builder_version=&#8220;4.0.9&#8243; width=&#8220;60px&#8220; max_width=&#8220;60px&#8220; module_alignment=&#8220;center&#8220; custom_margin=&#8220;||15px||false|false&#8220; locked=&#8220;off&#8220;][\/et_pb_divider][et_pb_text _builder_version=&#8220;4.2.1&#8243; text_font=&#8220;Open Sans|300|||||||&#8220; text_text_color=&#8220;#696969&#8243; text_font_size=&#8220;18px&#8220; text_line_height=&#8220;2em&#8220; header_2_font=&#8220;Poppins|700||on|||||&#8220; header_2_text_color=&#8220;#005791&#8243; header_2_font_size=&#8220;42px&#8220; header_2_line_height=&#8220;1.2em&#8220; header_4_font=&#8220;Poppins|300||on|||||&#8220; header_4_text_color=&#8220;#696969&#8243; header_4_font_size=&#8220;16px&#8220; header_4_line_height=&#8220;1.2em&#8220; text_orientation=&#8220;justified&#8220; custom_margin=&#8220;||||false|false&#8220; text_font_size_tablet=&#8220;14px&#8220; text_font_size_phone=&#8220;&#8220; text_font_size_last_edited=&#8220;on|tablet&#8220; header_2_font_size_tablet=&#8220;38px&#8220; header_2_font_size_phone=&#8220;28px&#8220; header_2_font_size_last_edited=&#8220;on|desktop&#8220; header_4_font_size_tablet=&#8220;14px&#8220; header_4_font_size_phone=&#8220;&#8220; header_4_font_size_last_edited=&#8220;on|tablet&#8220; locked=&#8220;off&#8220;]<\/p>\n<p>Unsere auf Spenglerarbeiten spezialisierten Handwerker verf\u00fcgen \u00fcber fundierte Erfahrung und gro\u00dfes handwerkliches Geschick im Umgang mit verschiedensten Metallen, die sie pr\u00e4zise nach Ihren Anforderungen formen. Vertrauen Sie uns die Ausf\u00fchrung von Regenfallrohren, Profilen und Abdeckungen f\u00fcr Flachd\u00e4cher, die Montage von Solarpaneelen auf Ihrem Dach sowie Metallverkleidungen, Abkantungen und viele weitere Arbeiten an. <\/p>\n<p>[\/et_pb_text][\/et_pb_column][\/et_pb_row][\/et_pb_section][et_pb_section fb_built=&#8220;1&#8243; _builder_version=&#8220;4.2.1&#8243; background_color=&#8220;rgba(0,0,0,0.36)&#8220; background_color_gradient_direction=&#8220;68deg&#8220; background_image=&#8220;https:\/\/alliance.lu\/wp-content\/uploads\/2020\/01\/un-devis-pour-la-r\u00e9alisation-de-votre-toiture-faites-une-demande-gratuite-et-sans-engagements-alliance-des-artisans-luxembourg.jpg&#8220; background_blend=&#8220;overlay&#8220; locked=&#8220;off&#8220;][et_pb_row _builder_version=&#8220;4.0.9&#8243; custom_padding=&#8220;0px||0px||false|false&#8220;][et_pb_column type=&#8220;4_4&#8243; _builder_version=&#8220;4.0.9&#8243; custom_padding=&#8220;50px||40px||false|false&#8220; custom_padding_tablet=&#8220;||0px||false|false&#8220; custom_padding_phone=&#8220;&#8220; custom_padding_last_edited=&#8220;on|desktop&#8220;][et_pb_text _builder_version=&#8220;4.4.8&#8243; text_font=&#8220;Poppins||||||||&#8220; text_text_color=&#8220;#696969&#8243; text_font_size=&#8220;16px&#8220; text_line_height=&#8220;2em&#8220; header_2_font=&#8220;Poppins|600|||||||&#8220; header_2_text_align=&#8220;center&#8220; header_2_text_color=&#8220;#ffffff&#8220; header_2_font_size=&#8220;38px&#8220; header_2_line_height=&#8220;1.3em&#8220; header_4_font=&#8220;Poppins|300||on|||||&#8220; header_4_text_color=&#8220;#696969&#8243; header_4_font_size=&#8220;16px&#8220; header_4_line_height=&#8220;1.2em&#8220; custom_margin=&#8220;||0px||false|false&#8220; text_font_size_tablet=&#8220;14px&#8220; text_font_size_phone=&#8220;&#8220; text_font_size_last_edited=&#8220;on|tablet&#8220; header_2_font_size_tablet=&#8220;32px&#8220; header_2_font_size_phone=&#8220;20px&#8220; header_2_font_size_last_edited=&#8220;on|phone&#8220; header_2_line_height_tablet=&#8220;&#8220; header_2_line_height_phone=&#8220;1.2em&#8220; header_2_line_height_last_edited=&#8220;on|phone&#8220; header_4_font_size_tablet=&#8220;14px&#8220; header_4_font_size_phone=&#8220;&#8220; header_4_font_size_last_edited=&#8220;on|tablet&#8220; locked=&#8220;off&#8220;]<\/p>\n<h2>Ben\u00f6tigen Sie ein Angebot f\u00fcr Ihre Dacharbeiten? <span style=\"color: #f3e521;\">Stellen Sie eine kostenlose und unverbindliche Anfrage!<\/span><\/h2>\n<p>[\/et_pb_text][et_pb_button button_url=&#8220;https:\/\/alliance.lu\/de\/?page_id=52639&#8243; button_text=&#8220;KOSTENLOSES ANGEBOT&#8220; button_alignment=&#8220;center&#8220; _builder_version=&#8220;4.2.1&#8243; custom_button=&#8220;on&#8220; button_text_size=&#8220;18px&#8220; button_text_color=&#8220;#ffffff&#8220; button_bg_color=&#8220;#005791&#8243; button_border_width=&#8220;3px&#8220; button_border_color=&#8220;rgba(0,0,0,0)&#8220; button_border_radius=&#8220;3px&#8220; button_letter_spacing=&#8220;2px&#8220; button_font=&#8220;Poppins|600||on|||||&#8220; button_use_icon=&#8220;off&#8220; custom_margin=&#8220;50px||||false|false&#8220; custom_margin_tablet=&#8220;&#8220; custom_margin_phone=&#8220;20px||||false|false&#8220; custom_margin_last_edited=&#8220;on|phone&#8220; custom_padding=&#8220;1.2%||1.2%||true|false&#8220; button_text_size_tablet=&#8220;18px&#8220; button_text_size_phone=&#8220;16px&#8220; button_text_size_last_edited=&#8220;on|desktop&#8220; button_text_size__hover_enabled=&#8220;on|hover&#8220; button_text_color__hover=&#8220;#005791&#8243; button_text_color__hover_enabled=&#8220;on|hover&#8220; button_bg_color__hover=&#8220;#ffffff&#8220; button_bg_color__hover_enabled=&#8220;on|desktop&#8220; button_border_color__hover=&#8220;rgba(0,0,0,0)&#8220; button_border_color__hover_enabled=&#8220;on|desktop&#8220; button_letter_spacing__hover=&#8220;2px&#8220; button_letter_spacing__hover_enabled=&#8220;on|desktop&#8220; button_bg_enable_color__hover=&#8220;on&#8220;][\/et_pb_button][\/et_pb_column][\/et_pb_row][\/et_pb_section]<\/p>\n","protected":false},"excerpt":{"rendered":"<p>DacharbeitenAusf\u00fchrung aller Arten von DacharbeitenZimmererarbeiten erfordern ein sehr hohes Ma\u00df an Fachkompetenz. Bei der Alliance des Artisans bieten wir Ihnen einen individuellen Service f\u00fcr die Planung und Umsetzung Ihrer industriellen, traditionellen oder gebogenen Dachkonstruktion. Wir beraten Sie bei der Auswahl des am besten geeigneten Materials f\u00fcr Ihre Konstruktion \u2013 Massivholz, Brettschichtholz, Metall, Stahlbeton oder weitere [&hellip;]<\/p>\n","protected":false},"author":2,"featured_media":0,"parent":0,"menu_order":0,"comment_status":"closed","ping_status":"closed","template":"","meta":{"_acf_changed":false,"_et_pb_use_builder":"on","_et_pb_old_content":"","_et_gb_content_width":"","_monsterinsights_skip_tracking":false,"_monsterinsights_sitenote_active":false,"_monsterinsights_sitenote_note":"","_monsterinsights_sitenote_category":0,"footnotes":""},"class_list":["post-52804","page","type-page","status-publish","hentry"],"acf":[],"_links":{"self":[{"href":"https:\/\/alliance.lu\/de\/wp-json\/wp\/v2\/pages\/52804","targetHints":{"allow":["GET"]}}],"collection":[{"href":"https:\/\/alliance.lu\/de\/wp-json\/wp\/v2\/pages"}],"about":[{"href":"https:\/\/alliance.lu\/de\/wp-json\/wp\/v2\/types\/page"}],"author":[{"embeddable":true,"href":"https:\/\/alliance.lu\/de\/wp-json\/wp\/v2\/users\/2"}],"replies":[{"embeddable":true,"href":"https:\/\/alliance.lu\/de\/wp-json\/wp\/v2\/comments?post=52804"}],"version-history":[{"count":4,"href":"https:\/\/alliance.lu\/de\/wp-json\/wp\/v2\/pages\/52804\/revisions"}],"predecessor-version":[{"id":53159,"href":"https:\/\/alliance.lu\/de\/wp-json\/wp\/v2\/pages\/52804\/revisions\/53159"}],"wp:attachment":[{"href":"https:\/\/alliance.lu\/de\/wp-json\/wp\/v2\/media?parent=52804"}],"curies":[{"name":"wp","href":"https:\/\/api.w.org\/{rel}","templated":true}]}}