{"id":52823,"date":"2020-01-20T08:06:13","date_gmt":"2020-01-20T07:06:13","guid":{"rendered":"https:\/\/alliance.lu\/fassade\/"},"modified":"2026-02-06T14:11:43","modified_gmt":"2026-02-06T13:11:43","slug":"fassade","status":"publish","type":"page","link":"https:\/\/alliance.lu\/de\/fassade\/","title":{"rendered":"Fassade"},"content":{"rendered":"<p>[et_pb_section fb_built=&#8220;1&#8243; custom_padding_last_edited=&#8220;on|phone&#8220; _builder_version=&#8220;4.4.8&#8243; background_color=&#8220;rgba(0,0,0,0.66)&#8220; background_image=&#8220;https:\/\/alliance.lu\/wp-content\/uploads\/2020\/01\/shutterstock_437067157.jpg&#8220; background_position=&#8220;center_left&#8220; background_blend=&#8220;overlay&#8220; custom_padding=&#8220;60px||60px||true|false&#8220; custom_padding_tablet=&#8220;&#8220; custom_padding_phone=&#8220;30px||30px||true|false&#8220;][et_pb_row _builder_version=&#8220;4.0.9&#8243;][et_pb_column type=&#8220;4_4&#8243; _builder_version=&#8220;4.0.9&#8243;][et_pb_text _builder_version=&#8220;4.4.8&#8243; text_font=&#8220;Poppins||||||||&#8220; text_text_color=&#8220;#696969&#8243; text_font_size=&#8220;16px&#8220; text_line_height=&#8220;2em&#8220; header_font=&#8220;Poppins|700||on|||||&#8220; header_text_align=&#8220;center&#8220; header_text_color=&#8220;#f3e521&#8243; header_font_size=&#8220;64px&#8220; header_line_height=&#8220;1.2em&#8220; header_2_font=&#8220;Poppins|700||on|||||&#8220; header_2_text_align=&#8220;center&#8220; header_2_text_color=&#8220;#f3e521&#8243; header_2_font_size=&#8220;64px&#8220; header_2_line_height=&#8220;1.2em&#8220; header_4_font=&#8220;Poppins|300||on|||||&#8220; header_4_text_color=&#8220;#696969&#8243; header_4_font_size=&#8220;16px&#8220; header_4_line_height=&#8220;1.2em&#8220; custom_margin=&#8220;||0px||false|false&#8220; text_font_size_tablet=&#8220;14px&#8220; text_font_size_phone=&#8220;&#8220; text_font_size_last_edited=&#8220;on|tablet&#8220; header_font_size_tablet=&#8220;48px&#8220; header_font_size_phone=&#8220;32px&#8220; header_font_size_last_edited=&#8220;on|phone&#8220; header_2_font_size_tablet=&#8220;48px&#8220; header_2_font_size_phone=&#8220;32px&#8220; header_2_font_size_last_edited=&#8220;on|phone&#8220; header_4_font_size_tablet=&#8220;14px&#8220; header_4_font_size_phone=&#8220;&#8220; header_4_font_size_last_edited=&#8220;on|tablet&#8220;]<\/p>\n<h1>Fassade<\/h1>\n<p>[\/et_pb_text][\/et_pb_column][\/et_pb_row][\/et_pb_section][et_pb_section fb_built=&#8220;1&#8243; custom_padding_last_edited=&#8220;on|phone&#8220; _builder_version=&#8220;4.4.8&#8243; background_color=&#8220;#f5f5f5&#8243; custom_padding_tablet=&#8220;&#8220; custom_padding_phone=&#8220;0px||||false|false&#8220;][et_pb_row _builder_version=&#8220;4.4.8&#8243; width_tablet=&#8220;&#8220; width_phone=&#8220;95%&#8220; width_last_edited=&#8220;on|phone&#8220; custom_padding=&#8220;0px||0px||false|false&#8220;][et_pb_column type=&#8220;4_4&#8243; _builder_version=&#8220;4.4.8&#8243; custom_padding=&#8220;40px|45px|40px||true|false&#8220; custom_padding_tablet=&#8220;|45px||45px|true|true&#8220; custom_padding_phone=&#8220;|0px||0px|false|true&#8220; custom_padding_last_edited=&#8220;on|desktop&#8220;][et_pb_text _builder_version=&#8220;4.4.8&#8243; header_text_color=&#8220;#ffffff&#8220; header_2_font=&#8220;Poppins|700||on|||||&#8220; header_2_text_align=&#8220;left&#8220; header_2_text_color=&#8220;#005791&#8243; header_2_font_size=&#8220;34px&#8220; header_2_line_height=&#8220;1.2em&#8220; header_3_font=&#8220;Poppins|700||on|||||&#8220; header_3_text_align=&#8220;left&#8220; header_3_text_color=&#8220;#005791&#8243; header_3_font_size=&#8220;34px&#8220; header_3_line_height=&#8220;1.2em&#8220; custom_margin=&#8220;||0px||false|false&#8220; header_2_font_size_tablet=&#8220;28px&#8220; header_2_font_size_phone=&#8220;22px&#8220; header_2_font_size_last_edited=&#8220;on|phone&#8220; header_3_font_size_tablet=&#8220;28px&#8220; header_3_font_size_phone=&#8220;22px&#8220; header_3_font_size_last_edited=&#8220;on|phone&#8220; locked=&#8220;off&#8220;]<\/p>\n<h2>Dekorative und sch\u00fctzende L\u00f6sungen f\u00fcr Ihre Fassade!<br \/><\/h2>\n<p>[\/et_pb_text][et_pb_divider color=&#8220;#f3e521&#8243; divider_position=&#8220;bottom&#8220; divider_weight=&#8220;5px&#8220; _builder_version=&#8220;4.2&#8243; width=&#8220;60px&#8220; max_width=&#8220;60px&#8220; module_alignment=&#8220;left&#8220; locked=&#8220;off&#8220;][\/et_pb_divider][\/et_pb_column][\/et_pb_row][et_pb_row column_structure=&#8220;1_3,1_3,1_3&#8243; _builder_version=&#8220;3.25&#8243; width_tablet=&#8220;&#8220; width_phone=&#8220;95%&#8220; width_last_edited=&#8220;on|phone&#8220;][et_pb_column type=&#8220;1_3&#8243; _builder_version=&#8220;3.25&#8243; custom_padding=&#8220;|||&#8220; custom_padding__hover=&#8220;|||&#8220;][et_pb_blurb title=&#8220;Isolierende Fassade&#8220; image=&#8220;https:\/\/alliance.lu\/wp-content\/uploads\/2020\/01\/fa\u00e7ade-isolante-alliance-des-artisans-luxembourg.jpg&#8220; _builder_version=&#8220;4.4.8&#8243; header_level=&#8220;h3&#8243; header_font=&#8220;Poppins|600|||||||&#8220; header_text_align=&#8220;left&#8220; header_text_color=&#8220;#7a7a7a&#8220; header_font_size=&#8220;32px&#8220; header_line_height=&#8220;1.2em&#8220; body_font=&#8220;Arial||||||||&#8220; body_text_align=&#8220;left&#8220; body_font_size=&#8220;18px&#8220; body_line_height=&#8220;1.8em&#8220; animation=&#8220;off&#8220; hover_enabled=&#8220;0&#8243; header_font_size_tablet=&#8220;28px&#8220; header_font_size_phone=&#8220;20px&#8220; header_font_size_last_edited=&#8220;on|phone&#8220; body_font_size_tablet=&#8220;19px&#8220; body_font_size_phone=&#8220;&#8220; body_font_size_last_edited=&#8220;on|phone&#8220;][\/et_pb_blurb][et_pb_divider color=&#8220;#005791&#8243; divider_weight=&#8220;4px&#8220; _builder_version=&#8220;4.2&#8243; width=&#8220;60px&#8220; max_width=&#8220;60px&#8220; module_alignment=&#8220;left&#8220; custom_margin=&#8220;||15px||false|false&#8220; locked=&#8220;off&#8220;][\/et_pb_divider][et_pb_text _builder_version=&#8220;4.2.1&#8243; text_font=&#8220;Open Sans|300|||||||&#8220; text_text_color=&#8220;#696969&#8243; text_font_size=&#8220;18px&#8220; text_line_height=&#8220;2em&#8220; header_2_font=&#8220;Poppins|700||on|||||&#8220; header_2_text_color=&#8220;#005791&#8243; header_2_font_size=&#8220;42px&#8220; header_2_line_height=&#8220;1.2em&#8220; header_4_font=&#8220;Poppins|300||on|||||&#8220; header_4_text_color=&#8220;#696969&#8243; header_4_font_size=&#8220;16px&#8220; header_4_line_height=&#8220;1.2em&#8220; text_orientation=&#8220;justified&#8220; custom_margin=&#8220;||||false|false&#8220; text_font_size_tablet=&#8220;14px&#8220; text_font_size_phone=&#8220;&#8220; text_font_size_last_edited=&#8220;on|tablet&#8220; header_2_font_size_tablet=&#8220;38px&#8220; header_2_font_size_phone=&#8220;28px&#8220; header_2_font_size_last_edited=&#8220;on|desktop&#8220; header_4_font_size_tablet=&#8220;14px&#8220; header_4_font_size_phone=&#8220;&#8220; header_4_font_size_last_edited=&#8220;on|tablet&#8220; locked=&#8220;off&#8220;]<\/p>\n<p>Dank der Expertise der Alliance des Artisans profitieren Sie von nachhaltigen und leistungsf\u00e4higen D\u00e4mmkonzepten. Zur Sicherstellung der thermischen Leistungsf\u00e4higkeit Ihrer Fassade analysieren wir den Bestand sorgf\u00e4ltig und w\u00e4hlen den optimalen D\u00e4mmstoff aus mineralischen, synthetischen oder nat\u00fcrlichen Materialien. <\/p>\n<p>[\/et_pb_text][\/et_pb_column][et_pb_column type=&#8220;1_3&#8243; _builder_version=&#8220;3.25&#8243; custom_padding=&#8220;|||&#8220; custom_padding__hover=&#8220;|||&#8220;][et_pb_blurb title=&#8220;Traditionelle Fassade&#8220; image=&#8220;https:\/\/alliance.lu\/wp-content\/uploads\/2020\/01\/fa\u00e7ade-traditionnelle-alliance-des-artisans-luxembourg.jpg&#8220; _builder_version=&#8220;4.4.8&#8243; header_level=&#8220;h3&#8243; header_font=&#8220;Poppins|600|||||||&#8220; header_text_align=&#8220;left&#8220; header_text_color=&#8220;#7a7a7a&#8220; header_font_size=&#8220;32px&#8220; header_line_height=&#8220;1.2em&#8220; body_font=&#8220;Arial||||||||&#8220; body_text_align=&#8220;left&#8220; body_font_size=&#8220;18px&#8220; body_line_height=&#8220;1.8em&#8220; animation=&#8220;off&#8220; header_font_size_tablet=&#8220;28px&#8220; header_font_size_phone=&#8220;20px&#8220; header_font_size_last_edited=&#8220;on|phone&#8220; body_font_size_tablet=&#8220;19px&#8220; body_font_size_phone=&#8220;&#8220; body_font_size_last_edited=&#8220;on|phone&#8220;][\/et_pb_blurb][et_pb_divider color=&#8220;#005791&#8243; divider_weight=&#8220;4px&#8220; _builder_version=&#8220;4.2&#8243; width=&#8220;60px&#8220; max_width=&#8220;60px&#8220; module_alignment=&#8220;left&#8220; custom_margin=&#8220;||15px||false|false&#8220; locked=&#8220;off&#8220;][\/et_pb_divider][et_pb_text _builder_version=&#8220;4.2&#8243; text_font=&#8220;Open Sans|300|||||||&#8220; text_text_color=&#8220;#696969&#8243; text_font_size=&#8220;18px&#8220; text_line_height=&#8220;2em&#8220; header_2_font=&#8220;Poppins|700||on|||||&#8220; header_2_text_color=&#8220;#005791&#8243; header_2_font_size=&#8220;42px&#8220; header_2_line_height=&#8220;1.2em&#8220; header_4_font=&#8220;Poppins|300||on|||||&#8220; header_4_text_color=&#8220;#696969&#8243; header_4_font_size=&#8220;16px&#8220; header_4_line_height=&#8220;1.2em&#8220; text_orientation=&#8220;justified&#8220; custom_margin=&#8220;||||false|false&#8220; text_font_size_tablet=&#8220;14px&#8220; text_font_size_phone=&#8220;&#8220; text_font_size_last_edited=&#8220;on|tablet&#8220; header_2_font_size_tablet=&#8220;38px&#8220; header_2_font_size_phone=&#8220;28px&#8220; header_2_font_size_last_edited=&#8220;on|desktop&#8220; header_4_font_size_tablet=&#8220;14px&#8220; header_4_font_size_phone=&#8220;&#8220; header_4_font_size_last_edited=&#8220;on|tablet&#8220; locked=&#8220;off&#8220;]<\/p>\n<p>Als abschlie\u00dfende Fassadenbeschichtung nach dem Glattputz sorgt der Fassadenputz f\u00fcr eine verbesserte D\u00e4mmleistung, optimalen Schutz vor Feuchtigkeit und Witterung sowie eine nachhaltige Wertsteigerung Ihrer Immobilie. Die k\u00f6rnige Optik und die vielf\u00e4ltigen Farbvarianten verleihen Ihrer Fassade eine besonders ansprechende Ausstrahlung.  <\/p>\n<p>[\/et_pb_text][\/et_pb_column][et_pb_column type=&#8220;1_3&#8243; _builder_version=&#8220;3.25&#8243; custom_padding=&#8220;|||&#8220; custom_padding__hover=&#8220;|||&#8220;][et_pb_blurb title=&#8220;\u00d6kologische Fassade&#8220; image=&#8220;https:\/\/alliance.lu\/wp-content\/uploads\/2020\/01\/fa\u00e7ade-\u00e9cologique-alliance-des-artisans-luxembourg.jpg&#8220; _builder_version=&#8220;4.4.8&#8243; header_level=&#8220;h3&#8243; header_font=&#8220;Poppins|600|||||||&#8220; header_text_align=&#8220;left&#8220; header_text_color=&#8220;#7a7a7a&#8220; header_font_size=&#8220;32px&#8220; header_line_height=&#8220;1.2em&#8220; body_font=&#8220;Arial||||||||&#8220; body_text_align=&#8220;left&#8220; body_font_size=&#8220;18px&#8220; body_line_height=&#8220;1.8em&#8220; animation=&#8220;off&#8220; header_font_size_tablet=&#8220;28px&#8220; header_font_size_phone=&#8220;20px&#8220; header_font_size_last_edited=&#8220;on|phone&#8220; body_font_size_tablet=&#8220;19px&#8220; body_font_size_phone=&#8220;&#8220; body_font_size_last_edited=&#8220;on|phone&#8220;][\/et_pb_blurb][et_pb_divider color=&#8220;#005791&#8243; divider_weight=&#8220;4px&#8220; _builder_version=&#8220;4.2&#8243; width=&#8220;60px&#8220; max_width=&#8220;60px&#8220; module_alignment=&#8220;left&#8220; custom_margin=&#8220;||15px||false|false&#8220; locked=&#8220;off&#8220;][\/et_pb_divider][et_pb_text _builder_version=&#8220;4.2&#8243; text_font=&#8220;Open Sans|300|||||||&#8220; text_text_color=&#8220;#696969&#8243; text_font_size=&#8220;18px&#8220; text_line_height=&#8220;2em&#8220; header_2_font=&#8220;Poppins|700||on|||||&#8220; header_2_text_color=&#8220;#005791&#8243; header_2_font_size=&#8220;42px&#8220; header_2_line_height=&#8220;1.2em&#8220; header_4_font=&#8220;Poppins|300||on|||||&#8220; header_4_text_color=&#8220;#696969&#8243; header_4_font_size=&#8220;16px&#8220; header_4_line_height=&#8220;1.2em&#8220; text_orientation=&#8220;justified&#8220; custom_margin=&#8220;||||false|false&#8220; text_font_size_tablet=&#8220;14px&#8220; text_font_size_phone=&#8220;&#8220; text_font_size_last_edited=&#8220;on|tablet&#8220; header_2_font_size_tablet=&#8220;38px&#8220; header_2_font_size_phone=&#8220;28px&#8220; header_2_font_size_last_edited=&#8220;on|desktop&#8220; header_4_font_size_tablet=&#8220;14px&#8220; header_4_font_size_phone=&#8220;&#8220; header_4_font_size_last_edited=&#8220;on|tablet&#8220; locked=&#8220;off&#8220;]<\/p>\n<p>Die Wahl einer \u00f6kologischen Fassade tr\u00e4gt zum Schutz der Gesundheit Ihrer Familie bei und leistet zugleich einen wichtigen Beitrag zum Umweltschutz. Bei der Alliance des Artisans stellen wir Ihnen alle M\u00f6glichkeiten f\u00fcr eine \u00f6kologische Fassadengestaltung vor \u2013 darunter nat\u00fcrliche Holzverkleidungen, mineralische Verkleidungen, Kalkputze, monolithisches Mauerwerk aus Ziegeln oder Lehmw\u00e4nde. <\/p>\n<p>[\/et_pb_text][\/et_pb_column][\/et_pb_row][\/et_pb_section][et_pb_section fb_built=&#8220;1&#8243; _builder_version=&#8220;4.2.1&#8243; background_color=&#8220;rgba(0,0,0,0.36)&#8220; background_color_gradient_direction=&#8220;68deg&#8220; background_image=&#8220;https:\/\/alliance.lu\/wp-content\/uploads\/2020\/01\/profitez-de-notre-expertise-pour-vos-fa\u00e7ades-et-demandez-un-devis-gratuit-alliance-des-artisans-luxembourg.jpg&#8220; background_blend=&#8220;overlay&#8220; locked=&#8220;off&#8220;][et_pb_row _builder_version=&#8220;4.0.9&#8243; custom_padding=&#8220;0px||0px||false|false&#8220;][et_pb_column type=&#8220;4_4&#8243; _builder_version=&#8220;4.0.9&#8243; custom_padding=&#8220;50px||40px||false|false&#8220; custom_padding_tablet=&#8220;||0px||false|false&#8220; custom_padding_phone=&#8220;&#8220; custom_padding_last_edited=&#8220;on|desktop&#8220;][et_pb_text _builder_version=&#8220;4.4.8&#8243; text_font=&#8220;Poppins||||||||&#8220; text_text_color=&#8220;#696969&#8243; text_font_size=&#8220;16px&#8220; text_line_height=&#8220;2em&#8220; header_2_font=&#8220;Poppins|600|||||||&#8220; header_2_text_align=&#8220;center&#8220; header_2_text_color=&#8220;#ffffff&#8220; header_2_font_size=&#8220;42px&#8220; header_2_line_height=&#8220;1.3em&#8220; header_4_font=&#8220;Poppins|300||on|||||&#8220; header_4_text_color=&#8220;#696969&#8243; header_4_font_size=&#8220;16px&#8220; header_4_line_height=&#8220;1.2em&#8220; custom_margin=&#8220;||0px||false|false&#8220; hover_enabled=&#8220;0&#8243; text_font_size_tablet=&#8220;14px&#8220; text_font_size_phone=&#8220;&#8220; text_font_size_last_edited=&#8220;on|tablet&#8220; header_2_font_size_tablet=&#8220;32px&#8220; header_2_font_size_phone=&#8220;20px&#8220; header_2_font_size_last_edited=&#8220;on|phone&#8220; header_2_line_height_tablet=&#8220;&#8220; header_2_line_height_phone=&#8220;1.2em&#8220; header_2_line_height_last_edited=&#8220;on|phone&#8220; header_4_font_size_tablet=&#8220;14px&#8220; header_4_font_size_phone=&#8220;&#8220; header_4_font_size_last_edited=&#8220;on|tablet&#8220; locked=&#8220;off&#8220;]<\/p>\n<h2><span style=\"color: #f3e521;\">Nutzen Sie unser Fachwissen f\u00fcr Ihre Fassade und fordern Sie ein kostenloses Angebot an.<\/span> <\/h2>\n<p>[\/et_pb_text][et_pb_button button_url=&#8220;https:\/\/alliance.lu\/de\/kontakt-angebot\/&#8220; button_text=&#8220;KOSTENLOSES ANGEBOT&#8220; button_alignment=&#8220;center&#8220; _builder_version=&#8220;4.2.1&#8243; custom_button=&#8220;on&#8220; button_text_size=&#8220;18px&#8220; button_text_color=&#8220;#ffffff&#8220; button_bg_color=&#8220;#005791&#8243; button_border_width=&#8220;3px&#8220; button_border_color=&#8220;rgba(0,0,0,0)&#8220; button_border_radius=&#8220;3px&#8220; button_letter_spacing=&#8220;2px&#8220; button_font=&#8220;Poppins|600||on|||||&#8220; button_use_icon=&#8220;off&#8220; custom_margin=&#8220;50px||||false|false&#8220; custom_margin_tablet=&#8220;&#8220; custom_margin_phone=&#8220;20px||||false|false&#8220; custom_margin_last_edited=&#8220;on|phone&#8220; custom_padding=&#8220;1.2%||1.2%||true|false&#8220; button_text_size_tablet=&#8220;18px&#8220; button_text_size_phone=&#8220;16px&#8220; button_text_size_last_edited=&#8220;on|desktop&#8220; button_text_size__hover_enabled=&#8220;on|hover&#8220; button_text_color__hover=&#8220;#005791&#8243; button_text_color__hover_enabled=&#8220;on|hover&#8220; button_bg_color__hover=&#8220;#ffffff&#8220; button_bg_color__hover_enabled=&#8220;on|desktop&#8220; button_border_color__hover=&#8220;rgba(0,0,0,0)&#8220; button_border_color__hover_enabled=&#8220;on|desktop&#8220; button_letter_spacing__hover=&#8220;2px&#8220; button_letter_spacing__hover_enabled=&#8220;on|desktop&#8220; button_bg_enable_color__hover=&#8220;on&#8220;][\/et_pb_button][\/et_pb_column][\/et_pb_row][\/et_pb_section]<\/p>\n","protected":false},"excerpt":{"rendered":"<p>FassadeDekorative und sch\u00fctzende L\u00f6sungen f\u00fcr Ihre Fassade!Dank der Expertise der Alliance des Artisans profitieren Sie von nachhaltigen und leistungsf\u00e4higen D\u00e4mmkonzepten. Zur Sicherstellung der thermischen Leistungsf\u00e4higkeit Ihrer Fassade analysieren wir den Bestand sorgf\u00e4ltig und w\u00e4hlen den optimalen D\u00e4mmstoff aus mineralischen, synthetischen oder nat\u00fcrlichen Materialien. Als abschlie\u00dfende Fassadenbeschichtung nach dem Glattputz sorgt der Fassadenputz f\u00fcr eine verbesserte [&hellip;]<\/p>\n","protected":false},"author":2,"featured_media":0,"parent":0,"menu_order":0,"comment_status":"closed","ping_status":"closed","template":"","meta":{"_acf_changed":false,"_et_pb_use_builder":"on","_et_pb_old_content":"","_et_gb_content_width":"","_monsterinsights_skip_tracking":false,"_monsterinsights_sitenote_active":false,"_monsterinsights_sitenote_note":"","_monsterinsights_sitenote_category":0,"footnotes":""},"class_list":["post-52823","page","type-page","status-publish","hentry"],"acf":[],"_links":{"self":[{"href":"https:\/\/alliance.lu\/de\/wp-json\/wp\/v2\/pages\/52823","targetHints":{"allow":["GET"]}}],"collection":[{"href":"https:\/\/alliance.lu\/de\/wp-json\/wp\/v2\/pages"}],"about":[{"href":"https:\/\/alliance.lu\/de\/wp-json\/wp\/v2\/types\/page"}],"author":[{"embeddable":true,"href":"https:\/\/alliance.lu\/de\/wp-json\/wp\/v2\/users\/2"}],"replies":[{"embeddable":true,"href":"https:\/\/alliance.lu\/de\/wp-json\/wp\/v2\/comments?post=52823"}],"version-history":[{"count":6,"href":"https:\/\/alliance.lu\/de\/wp-json\/wp\/v2\/pages\/52823\/revisions"}],"predecessor-version":[{"id":53176,"href":"https:\/\/alliance.lu\/de\/wp-json\/wp\/v2\/pages\/52823\/revisions\/53176"}],"wp:attachment":[{"href":"https:\/\/alliance.lu\/de\/wp-json\/wp\/v2\/media?parent=52823"}],"curies":[{"name":"wp","href":"https:\/\/api.w.org\/{rel}","templated":true}]}}